{"id":10100,"date":"2016-09-25T11:15:56","date_gmt":"2016-09-25T09:15:56","guid":{"rendered":"https:\/\/quicksilvertranslate.com\/web-proxy"},"modified":"2020-10-10T14:40:32","modified_gmt":"2020-10-10T12:40:32","slug":"web-proxy","status":"publish","type":"page","link":"https:\/\/quicksilvertranslate.com\/es\/servicios\/localizacion-de-sitios-web\/web-proxy\/","title":{"rendered":"Web Proxy"},"content":{"rendered":"<p>Traducciones profesionales de sitios web sin la molesta gesti\u00f3n en su CMSDescarga en tiempo real de traducciones de primera calidad<br \/>\n<img data-recalc-dims=\"1\" loading=\"lazy\" decoding=\"async\" class=\"alignleft size-full wp-image-10103\" src=\"https:\/\/i0.wp.com\/x8p.6a8.myftpupload.com\/wp-content\/uploads\/author-01.jpg?resize=104%2C104\" alt=\"Mark Earle, CEO at SMI-global.com\" width=\"104\" height=\"104\" \/><em>\u00abEstamos impresionados. Detecta el nuevo contenido autom\u00e1ticamente y lo traduce directamente en nuestro sitio web sin que tengamos que enviarles el texto, ni subir nosotros las traducciones.\u00bb<\/em> Mark Earle, CEO de SMI-global.comNo se requiere codificaci\u00f3n. Sus inform\u00e1ticos y dise\u00f1adores pueden concentrarse en a\u00f1adir valor real a su negocio.Los segmentos traducidos son indexados por Google (dentro del mismo dominio), lo cual contribuye a sus esfuerzos en marketing online.Deje de perder el tiempo con las traducciones, centre sus esfuerzos en crear nuevo contenido en su idioma.Descuentos disponibles por segmentos repetidos. Aproveche la puntera metodolog\u00eda de QuickSilver Translate basada en las memorias de traducci\u00f3n.<\/p>\n<p style=\"text-align: center;\"><strong>Algunos de nuestros clientes<\/strong><\/p>\n<p><img data-recalc-dims=\"1\" loading=\"lazy\" decoding=\"async\" class=\"alignleft size-full wp-image-10107\" src=\"https:\/\/i0.wp.com\/x8p.6a8.myftpupload.com\/wp-content\/uploads\/logo-aa.png?resize=310%2C110\" alt=\"American Airlines\" width=\"310\" height=\"110\" \/><img data-recalc-dims=\"1\" loading=\"lazy\" decoding=\"async\" class=\"alignleft size-full wp-image-10106\" src=\"https:\/\/i0.wp.com\/x8p.6a8.myftpupload.com\/wp-content\/uploads\/logo-siemens.png?resize=310%2C110\" alt=\"Siemens\" width=\"310\" height=\"110\" \/><img data-recalc-dims=\"1\" decoding=\"async\" class=\"alignleft size-full wp-image-10105\" src=\"https:\/\/i0.wp.com\/x8p.6a8.myftpupload.com\/wp-content\/uploads\/logo-mandarin.png?w=310\" alt=\"Mandarin Oriental Hotel\"   \/><img data-recalc-dims=\"1\" loading=\"lazy\" decoding=\"async\" class=\"alignleft size-full wp-image-10104\" src=\"https:\/\/i0.wp.com\/x8p.6a8.myftpupload.com\/wp-content\/uploads\/logo-discovery.png?resize=310%2C110\" alt=\"Discovery Channel\" width=\"310\" height=\"110\" \/><img data-recalc-dims=\"1\" loading=\"lazy\" decoding=\"async\" class=\"alignleft size-full wp-image-10111\" src=\"https:\/\/i0.wp.com\/x8p.6a8.myftpupload.com\/wp-content\/uploads\/webproxy-bottom_es.png?resize=239%2C157\" alt=\"webproxy-bottom_es\" width=\"239\" height=\"157\" \/><\/p>\n<h4>PLAN B\u00c1SICO PROXY WEB TRANSLATION DE QUICKSILVER<\/h4>\n<p>Benef\u00edciese de nuestra tecnolog\u00eda puntera basada en las Memorias de Traducci\u00f3n (TM)El plan b\u00e1sico incluye:<\/p>\n<ul>\n<li>Hasta 20.000 p\u00e1ginas vistas<\/li>\n<li>Hasta 200 palabras<\/li>\n<li>Alojamiento de todas las traducciones<\/li>\n<li>An\u00e1lisis mensual del sitio web para detectar contenido nuevo o modificado<\/li>\n<li>El nuevo contenido se traduce en cuanto se detecta<\/li>\n<\/ul>\n<p><a name=\"cont-landing\"><\/a><strong>\u00bfTIENE OTRAS NECESIDADES? CONTACTE CON NOSOTROS<\/strong><\/p>\n","protected":false},"excerpt":{"rendered":"<p>Traducciones profesionales de sitios web sin la molesta gesti\u00f3n en su CMSDescarga en tiempo real de traducciones de primera calidad \u00abEstamos impresionados. Detecta el nuevo contenido autom\u00e1ticamente y lo traduce directamente en nuestro sitio web sin que tengamos que enviarles el texto, ni subir nosotros las traducciones.\u00bb Mark Earle, CEO de SMI-global.comNo se requiere codificaci\u00f3n. [&hellip;]<\/p>\n","protected":false},"author":1,"featured_media":10112,"parent":10317,"menu_order":1,"comment_status":"closed","ping_status":"closed","template":"","meta":{"footnotes":""},"class_list":["post-10100","page","type-page","status-publish","has-post-thumbnail","hentry","has-post-title","has-post-date","has-post-category","has-post-tag","has-post-comment","has-post-author",""],"jetpack_sharing_enabled":true,"builder_content":"","_links":{"self":[{"href":"https:\/\/quicksilvertranslate.com\/es\/wp-json\/wp\/v2\/pages\/10100","targetHints":{"allow":["GET"]}}],"collection":[{"href":"https:\/\/quicksilvertranslate.com\/es\/wp-json\/wp\/v2\/pages"}],"about":[{"href":"https:\/\/quicksilvertranslate.com\/es\/wp-json\/wp\/v2\/types\/page"}],"author":[{"embeddable":true,"href":"https:\/\/quicksilvertranslate.com\/es\/wp-json\/wp\/v2\/users\/1"}],"replies":[{"embeddable":true,"href":"https:\/\/quicksilvertranslate.com\/es\/wp-json\/wp\/v2\/comments?post=10100"}],"version-history":[{"count":0,"href":"https:\/\/quicksilvertranslate.com\/es\/wp-json\/wp\/v2\/pages\/10100\/revisions"}],"up":[{"embeddable":true,"href":"https:\/\/quicksilvertranslate.com\/es\/wp-json\/wp\/v2\/pages\/10317"}],"wp:featuredmedia":[{"embeddable":true,"href":"https:\/\/quicksilvertranslate.com\/es\/wp-json\/wp\/v2\/media\/10112"}],"wp:attachment":[{"href":"https:\/\/quicksilvertranslate.com\/es\/wp-json\/wp\/v2\/media?parent=10100"}],"curies":[{"name":"wp","href":"https:\/\/api.w.org\/{rel}","templated":true}]}}