{"id":5911,"date":"2010-10-19T11:37:45","date_gmt":"2010-10-19T09:37:45","guid":{"rendered":"https:\/\/quicksilvertranslate.com\/quienes-somos"},"modified":"2020-10-10T14:36:28","modified_gmt":"2020-10-10T12:36:28","slug":"quienes-somos","status":"publish","type":"page","link":"https:\/\/quicksilvertranslate.com\/es\/quienes-somos\/","title":{"rendered":"Qui\u00e9nes somos"},"content":{"rendered":"<p>La historia de QuickSilver Translate empieza en un cuarto de estar, en este caso el de Stephen Whiteley, en mayo de 2004. M\u00e1s o menos al mismo tiempo, Colin Whiteley abandona la multinacional americana Tyco International tras 35 a\u00f1os al m\u00e1s alto nivel, y en octubre de 2004 padre e hijo fundan Quicksilver Translate. La combinaci\u00f3n de conocimientos de Colin y Stephen (ingenier\u00eda, gesti\u00f3n, finanzas e idiomas el primero; consultor\u00eda, procesos, gesti\u00f3n del conocimiento y sistemas de IT el segundo) permitieron un crecimiento inmediato. En mayo de 2005 entra el primer empleado (todav\u00eda en la empresa) y se crea la oficina de Barcelona.<br \/>\nEn 2012 abren las oficinas de Miami, dando a QuickSilver un aut\u00e9ntico alcance global. En 2008 se alcanza un hito fundamental con la obtenci\u00f3n del certificado ISO 9001:2000, demostrando la capacidad de la empresa de entregar altos niveles de calidad de forma consistente.QuickSilver Translate cuenta en estos momentos con un n\u00facleo b\u00e1sico de 12 personas, que incluye a account managers, ling\u00fcistas y maquetadores; un segundo nivel de colaboradores a tiempo parcial; y una red global de colaboradores ocasionales de m\u00e1s de 4500 (en su mayor\u00eda traductores especializados en temas muy concretos). Recientemente hemos completado nuestro proyecto n\u00famero 12000, y esperamos seguir creciendo a pesar del a\u00fan fr\u00e1gil crecimiento econ\u00f3mico europeo y americano.<\/p>\n<h3>Tour Virtual<\/h3>\n<p><iframe loading=\"lazy\" style=\"border: 0;\" src=\"https:\/\/www.google.com\/maps\/embed?pb=!1m0!3m2!1ses!2sus!4v1454920401233!6m8!1m7!1sJsLit7WoAtkAAAQvOfY4aA!2m2!1d41.46876706699576!2d2.083053898713615!3f222!4f0!5f0.7820865974627469\" width=\"100%\" height=\"600\" frameborder=\"0\" allowfullscreen=\"allowfullscreen\"><\/iframe><\/p>\n<h3>El equipo<\/h3>\n<p><img data-recalc-dims=\"1\" loading=\"lazy\" decoding=\"async\" width=\"875\" height=\"542\" class=\"alignnone wp-image-5912\" src=\"https:\/\/i0.wp.com\/quicksilvertranslate.com\/wp-content\/uploads\/team.jpg?resize=875%2C542&#038;ssl=1\" alt=\"QuickSilver Translate Team\" srcset=\"https:\/\/i0.wp.com\/quicksilvertranslate.com\/wp-content\/uploads\/team.jpg?w=875&amp;ssl=1 875w, https:\/\/i0.wp.com\/quicksilvertranslate.com\/wp-content\/uploads\/team.jpg?resize=350%2C217&amp;ssl=1 350w, https:\/\/i0.wp.com\/quicksilvertranslate.com\/wp-content\/uploads\/team.jpg?resize=768%2C476&amp;ssl=1 768w, https:\/\/i0.wp.com\/quicksilvertranslate.com\/wp-content\/uploads\/team.jpg?resize=707%2C438&amp;ssl=1 707w\" sizes=\"auto, (max-width: 875px) 100vw, 875px\" \/><\/p>\n","protected":false},"excerpt":{"rendered":"<p>La historia de QuickSilver Translate empieza en un cuarto de estar, en este caso el de Stephen Whiteley, en mayo de 2004. M\u00e1s o menos al mismo tiempo, Colin Whiteley abandona la multinacional americana Tyco International tras 35 a\u00f1os al m\u00e1s alto nivel, y en octubre de 2004 padre e hijo fundan Quicksilver Translate. La [&hellip;]<\/p>\n","protected":false},"author":1,"featured_media":21206,"parent":0,"menu_order":5,"comment_status":"closed","ping_status":"open","template":"","meta":{"footnotes":""},"class_list":["post-5911","page","type-page","status-publish","has-post-thumbnail","hentry","has-post-title","has-post-date","has-post-category","has-post-tag","has-post-comment","has-post-author",""],"jetpack_sharing_enabled":true,"builder_content":"","_links":{"self":[{"href":"https:\/\/quicksilvertranslate.com\/es\/wp-json\/wp\/v2\/pages\/5911","targetHints":{"allow":["GET"]}}],"collection":[{"href":"https:\/\/quicksilvertranslate.com\/es\/wp-json\/wp\/v2\/pages"}],"about":[{"href":"https:\/\/quicksilvertranslate.com\/es\/wp-json\/wp\/v2\/types\/page"}],"author":[{"embeddable":true,"href":"https:\/\/quicksilvertranslate.com\/es\/wp-json\/wp\/v2\/users\/1"}],"replies":[{"embeddable":true,"href":"https:\/\/quicksilvertranslate.com\/es\/wp-json\/wp\/v2\/comments?post=5911"}],"version-history":[{"count":0,"href":"https:\/\/quicksilvertranslate.com\/es\/wp-json\/wp\/v2\/pages\/5911\/revisions"}],"wp:featuredmedia":[{"embeddable":true,"href":"https:\/\/quicksilvertranslate.com\/es\/wp-json\/wp\/v2\/media\/21206"}],"wp:attachment":[{"href":"https:\/\/quicksilvertranslate.com\/es\/wp-json\/wp\/v2\/media?parent=5911"}],"curies":[{"name":"wp","href":"https:\/\/api.w.org\/{rel}","templated":true}]}}