{"id":5959,"date":"2010-10-28T09:27:36","date_gmt":"2010-10-28T07:27:36","guid":{"rendered":"https:\/\/quicksilvertranslate.com\/avisos-legales"},"modified":"2020-10-10T14:36:38","modified_gmt":"2020-10-10T12:36:38","slug":"avisos-legales","status":"publish","type":"page","link":"https:\/\/quicksilvertranslate.com\/es\/avisos-legales\/","title":{"rendered":"Avisos Legales"},"content":{"rendered":"<p>LEY DE LOS SERVICIOS DE LA SOCIEDAD DE LA INFORMACI\u00d3N (LSSI)<br \/>\nQUICKSILVER TRANSLATE SL, responsable del sitio web, en adelante QUICKSILVERTRANSLATE.COM, pone a disposici\u00f3n de los usuarios el presente documento, con el que pretende dar cumplimiento a las obligaciones dispuestas en la Ley 34\/2002, de 11 de julio, de Servicios de la Sociedad de la Informaci\u00f3n y de Comercio Electr\u00f3nico (LSSICE), BOE N \u00ba 166, as\u00ed como informar a todos los usuarios del sitio web respecto a cu\u00e1les son las condiciones de uso.Toda persona que acceda a este sitio web asume el papel de usuario, comprometi\u00e9ndose a la observancia y cumplimiento riguroso de las disposiciones aqu\u00ed dispuestas, as\u00ed como a cualquier otra disposici\u00f3n legal que fuera de aplicaci\u00f3n.QUICKSILVERTRANSLATE.COM se reserva el derecho de modificar cualquier tipo de informaci\u00f3n que pudiera aparecer en el sitio web, sin que exista obligaci\u00f3n de preavisar o poner en conocimiento de los usuarios dichas obligaciones, entendi\u00e9ndose como suficiente con la publicaci\u00f3n en el sitio web.<\/p>\n<h3>1. DATOS IDENTIFICATIVOS<\/h3>\n<p>Nombre de dominio: QUICKSILVERTRANSLATE.COMNombre comercial: QUICKSILVER TRANSLATEDenominaci\u00f3n social: QUICKSILVER TRANSLATE SLNIF: B67465815Domicilio social: c\/Girona 17, Sant Cugat del Vall\u00e8s, 08172 BarcelonaTel\u00e9fono: 935907140e-mail: <a href=\"mailto:info@quicksilvertranslate.com\">info@quicksilvertranslate.com<\/a>Inscrita en el Registro de Barcelona.<\/p>\n<h3>2. DERECHOS DE PROPIEDAD INTELECTUAL E INDUSTRIAL<\/h3>\n<p>El sitio web, incluyendo a t\u00edtulo enunciativo pero no limitativo su programaci\u00f3n, edici\u00f3n, compilaci\u00f3n y dem\u00e1s elementos necesarios para su funcionamiento, los dise\u00f1os, logotipos, texto y\/o gr\u00e1ficos, son propiedad del QUICKSILVERTRANSLATE.COM o, si es el caso, dispone de licencia o autorizaci\u00f3n expresa por parte de los autores. Todos los contenidos del sitio web se encuentran debidamente protegidos por la normativa de propiedad intelectual e industrial, as\u00ed como inscritos en los registros p\u00fablicos correspondientes.Independientemente de la finalidad para la que fueran destinados, la reproducci\u00f3n total o parcial, uso, explotaci\u00f3n, distribuci\u00f3n y comercializaci\u00f3n, requiere en todo caso de la autorizaci\u00f3n escrita previa por parte de QUICKSILVERTRANSLATE.COM. Cualquier uso no autorizado previamente se considera un incumplimiento grave de los derechos de propiedad intelectual o industrial del autor.Los dise\u00f1os, logotipos, texto y\/o gr\u00e1ficos ajenos a QUICKSILVERTRANSLATE.COM y que pudieran aparecer en el sitio web, pertenecen a sus respectivos propietarios, siendo ellos mismos responsables de cualquier posible controversia que pudiera suscitarse respecto a los mismos. QUICKSILVERTRANSLATE.COM autoriza expresamente a que terceros puedan redirigir directamente a los contenidos concretos del sitio web, y en todo caso redirigir al sitio web principal de www.QUICKSILVERTRANSLATE.COM.QUICKSILVERTRANSLATE.COM reconoce a favor de sus titulares los correspondientes derechos de propiedad intelectual e industrial, no implicando su sola menci\u00f3n o aparici\u00f3n en el sitio web la existencia de derechos o responsabilidad alguna sobre los mismos, como tampoco respaldo, patrocinio o recomendaci\u00f3n por parte del mismo.Para realizar cualquier tipo de observaci\u00f3n respecto a posibles incumplimientos de los derechos de propiedad intelectual o industrial, as\u00ed como sobre cualquiera de los contenidos del sitio web, puede hacerlo a trav\u00e9s del correo electr\u00f3nico <a href=\"mailto:info@quicksilvertranslate.com\">info@quicksilvertranslate.com<\/a>.<\/p>\n<h3>3. EXENCI\u00d3N DE RESPONSABILIDADES<\/h3>\n<p>QUICKSILVERTRANSLATE.COM se exime de cualquier tipo de responsabilidad derivada de la informaci\u00f3n publicada en su sitio web siempre que esta informaci\u00f3n haya sido manipulada o introducida por un tercero ajeno al mismo.<strong>Pol\u00edtica de enlaces<\/strong>Desde el sitio web, es posible que se redirija a contenidos de terceros sitios web. Dado que QUICKSILVERTRANSLATE.COM no puede controlar siempre los contenidos introducidos por los terceros en sus respectivos sitios web, no asume ning\u00fan tipo de responsabilidad respecto a dichos contenidos. En todo caso, proceder\u00e1 a la retirada inmediata de cualquier contenido que pudiera contravenir la legislaci\u00f3n nacional o internacional, la moral o el orden p\u00fablico, procediendo a la retirada inmediata de la redirecci\u00f3n a dicho sitio web, poniendo en conocimiento de las autoridades competentes el contenido en cuesti\u00f3n.QUICKSILVERTRANSLATE.COM no se hace responsable de la informaci\u00f3n y contenidos almacenados, a t\u00edtulo enunciativo pero no limitativo, en foros, chats, generadores de blogs, comentarios, redes sociales o cualquier otro medio que permita a terceros publicar contenidos de forma independiente en la p\u00e1gina web de QUICKSILVERTRANSLATE.COM. Sin embargo, y en cumplimiento de lo dispuesto en los art\u00edculos 11 y 16 de la LSSICE, se pone a disposici\u00f3n de todos los usuarios, autoridades y fuerzas de seguridad, colaborando de forma activa en la retirada o, en su caso, bloqueo de todos aquellos contenidos que puedan afectar o contravenir la legislaci\u00f3n nacional o internacional, los derechos de terceros o la moral y el orden p\u00fablico. En caso de que el usuario considere que existe en el sitio web alg\u00fan contenido que pudiera ser susceptible de esta clasificaci\u00f3n, se ruega lo notifique de forma inmediata al administrador del sitio web.Este sitio web ha sido revisado y probado para que funcione correctamente. En principio, puede garantizarse el correcto funcionamiento los 365 d\u00edas del a\u00f1o, 24 horas al d\u00eda. Sin embargo, QUICKSILVERTRANSLATE.COM no descarta la posibilidad de que existan ciertos errores de programaci\u00f3n, o que acontezcan causas de fuerza mayor, cat\u00e1strofes naturales, huelgas o circunstancias semejantes que hagan imposible el acceso a la p\u00e1gina web.<strong>Direcciones IP<\/strong>Los servidores del sitio web podr\u00e1n detectar de manera autom\u00e1tica la direcci\u00f3n IP y el nombre de dominio utilizados por el usuario. Una direcci\u00f3n IP es un n\u00famero asignado autom\u00e1ticamente a un ordenador cuando \u00e9ste se conecta a Internet. Toda esta informaci\u00f3n es registrada en un fichero de actividad del servidor debidamente inscrito que permite el posterior procesamiento de los datos con el fin de obtener mediciones \u00fanicamente estad\u00edsticas que permitan conocer el n\u00famero de impresiones de p\u00e1ginas, el n\u00famero de visitas realizadas a los servidores web, el orden de visitas, el punto de acceso, etc.<a id=\"privacidad\" name=\"privacidad\"><\/a><\/p>\n<h3>4. LEY APLICABLE Y JURISDICCI\u00d3N<\/h3>\n<p>Para la resoluci\u00f3n de todas las controversias o cuestiones relacionadas con el presente sitio web o de las actividades en \u00e9l desarrolladas, ser\u00e1 de aplicaci\u00f3n la legislaci\u00f3n espa\u00f1ola, a la que se someten expresamente las partes, siendo competentes para la resoluci\u00f3n de todos los conflictos derivados o relacionados con su uso los Juzgados y Tribunales m\u00e1s cercanos a Sant Cugat del Vall\u00e8s.<\/p>\n<h3>5. POL\u00cdTICA DE PRIVACIDAD<\/h3>\n<p>INFORMACI\u00d3N AL USUARIOQUICKSILVER TRANSLATIONS SL, en adelante QUICKSILVERTRANSLATE.COM, es el Responsable del tratamiento de los datos personales del usuario y le informa que dichos datos ser\u00e1n tratados en conformidad con lo dispuesto en las normativas vigentes en protecci\u00f3n de datos personales, el Reglamento (UE) 2016\/679 de 27 de abril de 2016 (GDPR) relativo a la protecci\u00f3n de les persones f\u00edsicas en relaci\u00f3n al tratamiento de datos personales y a la libre circulaci\u00f3n de dichos datos y la Ley Org\u00e1nica (ES) 15\/1999 de 13 de diciembre (LOPD) relativa a la protecci\u00f3n de datos de car\u00e1cter personal, por lo que se le facilita la siguiente informaci\u00f3n.Finalidad del tratamiento: mantener una relaci\u00f3n comercial con el usuario.Las operaciones previstas a realizar son:<\/p>\n<ul>\n<li>Tramitar cualquier tipo de petici\u00f3n que sea realizada por el usuario a trav\u00e9s de cualquiera de las formas de contacto puestas a su disposici\u00f3n.<\/li>\n<li>Env\u00edo de comunicaciones comerciales por email, fax, SMS, redes sociales o cualquier otro medio electr\u00f3nico o f\u00edsico, presente o futuro, que posibilite realizar comunicaciones comerciales. Estas comunicaciones ser\u00e1n realizadas por el Responsable y relacionadas con sus productos y servicios, o de los colaboradores o proveedores con los que \u00e9ste haya llegado a acuerdos, en cuyo caso, los terceros nunca tendr\u00e1n acceso a los datos personales.<\/li>\n<li>Realizar estudios estad\u00edsticos.<\/li>\n<li>Env\u00edo del bolet\u00edn de noticias.<\/li>\n<\/ul>\n<p>Criterios de conservaci\u00f3n de los datos: se conservar\u00e1n mientras exista un inter\u00e9s mutuo en mantener la finalidad del tratamiento y cuando ya no sean necesarios, se suprimir\u00e1n con las medidas de seguridad adecuadas para garantizar la seudonimizaci\u00f3n de los datos o la destrucci\u00f3n total de los mismos.Comunicaci\u00f3n de los datos: No se comunicar\u00e1n los datos a terceros, excepto por obligaci\u00f3n legal.Derechos que asisten al usuario:<\/p>\n<ul>\n<li>Derecho a retirar el consentimiento en cualquier momento.<\/li>\n<li>Derecho de acceso, rectificaci\u00f3n, cancelaci\u00f3n o supresi\u00f3n de sus datos y de la limitaci\u00f3n o oposici\u00f3n a su tratamiento.<\/li>\n<li>Derecho a presentar una reclamaci\u00f3n ante la autoridad de control (agpd.es) si considera que el tratamiento no se ajusta a la normativa vigente.<\/li>\n<\/ul>\n<p>Datos de contacto:Direcci\u00f3n postal: c\/Girona 17, Sant Cugat del Vall\u00e8s, 08172 BarcelonaCorreo electr\u00f3nico: <a href=\"mailto:info@quicksilvertranslate.com\">info@quicksilvertranslate.com<\/a>CAR\u00c1CTER OBLIGATORIO O FACULTATIVO DE LA INFORMACI\u00d3N FACILITADA POR EL USUARIOLos usuarios, mediante la marcaci\u00f3n de las casillas correspondientes y la entrada de datos en los campos marcados con asterisco (*) en el formulario de contacto o presentados en formularios descargados, aceptan expresamente y de forma libre e inequ\u00edvoca, que sus datos son necesarios para atender su petici\u00f3n por parte del prestador, siendo voluntaria la inclusi\u00f3n de datos en los campos restantes. El usuario garantiza que los datos personales facilitados a QUICKSILVERTRANSLATE.COM son veraces y se hace responsable de comunicar cualquier modificaci\u00f3n sobre los mismos.QUICKSILVERTRANSLATE.COM informa y garantiza expresamente a los usuarios que sus datos personales no ser\u00e1n cedidos en ning\u00fan caso a terceros, y que siempre que realizase alg\u00fan tipo de cesi\u00f3n de datos personales, es pedir\u00e1 previamente el consentimiento expreso, informativo e inequ\u00edvoco por parte de los usuarios. Los datos solicitados a trav\u00e9s del sitio web son obligatorios, ya que son necesarios para la prestaci\u00f3n de un servicio optimo al usuario. En caso de que no fueran facilitados todos los datos, no es garantiza que la informaci\u00f3n y servicios facilitados sean completamente ajustados a sus necesidades.MEDIDAS DE SEGURIDADQue de conformidad con lo dispuesto en las normativas vigentes en protecci\u00f3n de datos personales, QUICKSILVERTRANSLATE.COM est\u00e1 cumpliendo con todas las disposiciones de las normativas GDPR y LOPD para el Tratamiento de las datos personales de su responsabilidad, y manifiestamente con los principios descritos en el art\u00edculo 5 del GDPR y en el art\u00edculo 4 de la LOPD, los que son tratados de manera l\u00edcita, leal y transparente en relaci\u00f3n con el interesado y adecuados, pertinentes y limitados a lo necesario en relaci\u00f3n con los fines para los cuales son tratados.QUICKSILVERTRANSLATE.COM garantiza que ha implementado pol\u00edticas t\u00e9cnicas y organizativas apropiadas para aplicar las medidas de seguridad que establecen el GDPR y la LOPD para proteger los derechos y libertades de los Usuarios y les ha comunicado la informaci\u00f3n adecuada para que puedan ejercerlos.<\/p>\n<h3>6. POL\u00cdTICA DE COOKIES<\/h3>\n<p>En esta Web utilizamos cookies. En caso de utilizar nuestra web sin proceder a la desactivaci\u00f3n de las cookies en su navegador, manifiesta su consentimiento para la instalaci\u00f3n de las mismas.<strong>\u00bfQu\u00e9 es una cookie?<\/strong>Una cookie es un fragmento de informaci\u00f3n de texto que las webs transfieren al disco duro de los equipos que se conectan a ellas, a menudo s\u00f3lo con prop\u00f3sitos t\u00e9cnicos.<strong>\u00bfPara qu\u00e9 utilizamos cookies?<\/strong>Para optimizar la experiencia de uso y mejorar la calidad de nuestra web.Con la finalidad de optimizar la experiencia de uso de la web, utilizamos cookies para reconocer a nuestros visitantes y usuarios y recordar los par\u00e1metros que fueron elegidos durante sus visitas, por ejemplo para mantener el estado acreditado de los usuarios registrados o el idioma escogido en la primera visita.Tambi\u00e9n utilizamos cookies para recopilar estad\u00edsticas an\u00f3nimas y conjuntas que nos permitan analizar la forma en que los usuarios utilizan nuestra web, con el fin de mejorarla y ajustarla a las preferencias de nuestros visitantes. Para el an\u00e1lisis estad\u00edstico de la utilizaci\u00f3n de la web por sus usuarios, utilizamos la herramienta Google Analytics provista por Google, Inc.Para m\u00e1s informaci\u00f3n sobre el funcionamiento de la herramienta Google Analytics, los usuarios pueden consultar la pol\u00edtica de privacidad elaborada por Google disponible en el siguiente enlace: <a href=\"https:\/\/support.google.com\/analytics\/answer\/6004245\" target=\"_blank\" rel=\"noopener noreferrer\">https:\/\/support.google.com\/analytics\/answer\/6004245<\/a>.<strong>\u00bfC\u00f3mo desactivar las cookies?<\/strong>Todos los navegadores permiten hacer cambios que permiten desactivar la configuraci\u00f3n de las cookies. Estos ajustes se encuentran ubicados en las \u201copciones\u201d o \u201cpreferencias\u201d del men\u00fa de su navegador.A continuaci\u00f3n podr\u00e1 encontrar los links para deshabilitar las cookies de cada navegador siguiendo las instrucciones:<\/p>\n<ul>\n<li><a href=\"https:\/\/support.microsoft.com\/es-es\/help\/17442\/windows-internet-explorer-delete-manage-cookies\" target=\"_blank\" rel=\"noopener\">Soporte Microsoft<\/a> (Internet Explorer).<\/li>\n<li><a href=\"https:\/\/support.mozilla.org\/es\/kb\/cookies-informacion-que-los-sitios-web-guardan-en-\" target=\"_blank\" rel=\"noopener\">Soporte Mozilla<\/a> (Mozilla Firefox)<\/li>\n<li><a href=\"https:\/\/support.google.com\/chrome\/answer\/95647?hl=es\" target=\"_blank\" rel=\"noopener\">Soporte Google Chrome<\/a> (Google Chrome)<\/li>\n<li><a href=\"https:\/\/support.apple.com\/es-es\/HT201265\" target=\"_blank\" rel=\"noopener\">Soporte Apple<\/a> (Safari)<\/li>\n<\/ul>\n","protected":false},"excerpt":{"rendered":"<p>LEY DE LOS SERVICIOS DE LA SOCIEDAD DE LA INFORMACI\u00d3N (LSSI) QUICKSILVER TRANSLATE SL, responsable del sitio web, en adelante QUICKSILVERTRANSLATE.COM, pone a disposici\u00f3n de los usuarios el presente documento, con el que pretende dar cumplimiento a las obligaciones dispuestas en la Ley 34\/2002, de 11 de julio, de Servicios de la Sociedad de la [&hellip;]<\/p>\n","protected":false},"author":1,"featured_media":0,"parent":0,"menu_order":8,"comment_status":"closed","ping_status":"closed","template":"","meta":{"footnotes":""},"class_list":["post-5959","page","type-page","status-publish","hentry","has-post-title","has-post-date","has-post-category","has-post-tag","has-post-comment","has-post-author",""],"jetpack_sharing_enabled":true,"builder_content":"","_links":{"self":[{"href":"https:\/\/quicksilvertranslate.com\/es\/wp-json\/wp\/v2\/pages\/5959","targetHints":{"allow":["GET"]}}],"collection":[{"href":"https:\/\/quicksilvertranslate.com\/es\/wp-json\/wp\/v2\/pages"}],"about":[{"href":"https:\/\/quicksilvertranslate.com\/es\/wp-json\/wp\/v2\/types\/page"}],"author":[{"embeddable":true,"href":"https:\/\/quicksilvertranslate.com\/es\/wp-json\/wp\/v2\/users\/1"}],"replies":[{"embeddable":true,"href":"https:\/\/quicksilvertranslate.com\/es\/wp-json\/wp\/v2\/comments?post=5959"}],"version-history":[{"count":0,"href":"https:\/\/quicksilvertranslate.com\/es\/wp-json\/wp\/v2\/pages\/5959\/revisions"}],"wp:attachment":[{"href":"https:\/\/quicksilvertranslate.com\/es\/wp-json\/wp\/v2\/media?parent=5959"}],"curies":[{"name":"wp","href":"https:\/\/api.w.org\/{rel}","templated":true}]}}