{"id":5967,"date":"2010-11-08T14:37:05","date_gmt":"2010-11-08T13:37:05","guid":{"rendered":"https:\/\/quicksilvertranslate.com\/traductores"},"modified":"2020-10-10T14:36:39","modified_gmt":"2020-10-10T12:36:39","slug":"traductores","status":"publish","type":"page","link":"https:\/\/quicksilvertranslate.com\/es\/quienes-somos\/traductores\/","title":{"rendered":"Traductores"},"content":{"rendered":"<p style=\"text-align: left;\"><img data-recalc-dims=\"1\" loading=\"lazy\" decoding=\"async\" class=\"size-full wp-image-5968 alignnone\" src=\"https:\/\/i0.wp.com\/quicksilvertranslate.com\/wp-content\/uploads\/translator_banner_943x200.png?resize=943%2C200&#038;ssl=1\" alt=\"translator_banner_943x200\" width=\"943\" height=\"200\" srcset=\"https:\/\/i0.wp.com\/quicksilvertranslate.com\/wp-content\/uploads\/translator_banner_943x200.png?w=943&amp;ssl=1 943w, https:\/\/i0.wp.com\/quicksilvertranslate.com\/wp-content\/uploads\/translator_banner_943x200.png?resize=350%2C74&amp;ssl=1 350w, https:\/\/i0.wp.com\/quicksilvertranslate.com\/wp-content\/uploads\/translator_banner_943x200.png?resize=768%2C163&amp;ssl=1 768w, https:\/\/i0.wp.com\/quicksilvertranslate.com\/wp-content\/uploads\/translator_banner_943x200.png?resize=707%2C150&amp;ssl=1 707w, https:\/\/i0.wp.com\/quicksilvertranslate.com\/wp-content\/uploads\/translator_banner_943x200.png?resize=940%2C200&amp;ssl=1 940w\" sizes=\"auto, (max-width: 943px) 100vw, 943px\" \/><\/p>\n<p style=\"text-align: justify;\">En QuickSilver Translate trabajamos s\u00f3lo con los mejores traductores; buscamos <strong>rigor, profesionalidad y dedicaci\u00f3n<\/strong>. Exigimos documentaci\u00f3n que acredite el nivel acad\u00e9mico alcanzado (filolog\u00eda y\/o traducci\u00f3n), y siempre realizamos una prueba de traducci\u00f3n para comprobar las habilidades de los candidatos.<\/p>\n<p style=\"text-align: justify;\"><em>* QuickSilver tiene m\u00e1s de 4.000 traductores freelance en su base de datos.<\/em><\/p>\n<p style=\"text-align: justify;\"><em>* Asignamos el traductor m\u00e1s capacitado para cada proyecto, utilizando s\u00f3lo profesionales<\/em><\/p>\n<ul style=\"text-align: justify;\">\n<li>nativos del idioma al cual traducimos<\/li>\n<li>de dedicaci\u00f3n completa (nunca a tiempo parcial);<\/li>\n<li>licenciados universitarios en filolog\u00eda, ling\u00fc\u00edstica y\/o traducci\u00f3n;<\/li>\n<li>con amplia experiencia en el sector para el cual trabajan (algunos son incluso licenciados en las distintas \u00e1reas de especializaci\u00f3n, como derecho, ingenier\u00eda, medicina, etc.);<\/li>\n<li>con experiencia usando las m\u00e1s avanzadas herramientas inform\u00e1ticas de ayuda a la traducci\u00f3n (Trados o compatible);<\/li>\n<li>que se han comprometido a utilizar glosarios y memorias de traducci\u00f3n compartidas por QuickSilver.<\/li>\n<\/ul>\n<p style=\"text-align: justify;\"><em>* Y, lo m\u00e1s importante, que hayan superado una prueba escrita de traducci\u00f3n de Quicksilver<\/em><\/p>\n<p style=\"text-align: justify;\"><em>* S\u00f3lo el 5% de los traductores que se registran en nuestro sitio web superan nuestro baremo m\u00ednimo de calidad<\/em><\/p>\n<p style=\"text-align: justify;\">Colaboramos, siempre que podemos, con aquellos traductores que producen siempre traducciones de alta calidad dentro del plazo acordado. Intentamos mantener con nuestros traductores, igual que con nuestros clientes, relaciones a largo plazo.<\/p>\n","protected":false},"excerpt":{"rendered":"<p>En QuickSilver Translate trabajamos s\u00f3lo con los mejores traductores; buscamos rigor, profesionalidad y dedicaci\u00f3n. Exigimos documentaci\u00f3n que acredite el nivel acad\u00e9mico alcanzado (filolog\u00eda y\/o traducci\u00f3n), y siempre realizamos una prueba de traducci\u00f3n para comprobar las habilidades de los candidatos. * QuickSilver tiene m\u00e1s de 4.000 traductores freelance en su base de datos. * Asignamos el [&hellip;]<\/p>\n","protected":false},"author":1,"featured_media":5968,"parent":5911,"menu_order":2,"comment_status":"closed","ping_status":"open","template":"","meta":{"footnotes":""},"class_list":["post-5967","page","type-page","status-publish","has-post-thumbnail","hentry","has-post-title","has-post-date","has-post-category","has-post-tag","has-post-comment","has-post-author",""],"jetpack_sharing_enabled":true,"builder_content":"","_links":{"self":[{"href":"https:\/\/quicksilvertranslate.com\/es\/wp-json\/wp\/v2\/pages\/5967","targetHints":{"allow":["GET"]}}],"collection":[{"href":"https:\/\/quicksilvertranslate.com\/es\/wp-json\/wp\/v2\/pages"}],"about":[{"href":"https:\/\/quicksilvertranslate.com\/es\/wp-json\/wp\/v2\/types\/page"}],"author":[{"embeddable":true,"href":"https:\/\/quicksilvertranslate.com\/es\/wp-json\/wp\/v2\/users\/1"}],"replies":[{"embeddable":true,"href":"https:\/\/quicksilvertranslate.com\/es\/wp-json\/wp\/v2\/comments?post=5967"}],"version-history":[{"count":0,"href":"https:\/\/quicksilvertranslate.com\/es\/wp-json\/wp\/v2\/pages\/5967\/revisions"}],"up":[{"embeddable":true,"href":"https:\/\/quicksilvertranslate.com\/es\/wp-json\/wp\/v2\/pages\/5911"}],"wp:featuredmedia":[{"embeddable":true,"href":"https:\/\/quicksilvertranslate.com\/es\/wp-json\/wp\/v2\/media\/5968"}],"wp:attachment":[{"href":"https:\/\/quicksilvertranslate.com\/es\/wp-json\/wp\/v2\/media?parent=5967"}],"curies":[{"name":"wp","href":"https:\/\/api.w.org\/{rel}","templated":true}]}}