{"id":6697,"date":"2010-12-13T18:36:04","date_gmt":"2010-12-13T17:36:04","guid":{"rendered":"https:\/\/quicksilvertranslate.com\/traductores"},"modified":"2020-10-10T14:36:49","modified_gmt":"2020-10-10T12:36:49","slug":"traductores","status":"publish","type":"page","link":"https:\/\/quicksilvertranslate.com\/es\/contacto\/traductores\/","title":{"rendered":"Traductores"},"content":{"rendered":"<p>Puede darse de alta como traductor o iniciar sesi\u00f3n en el <a title=\"Quicksilver Translations - Vendor portal\" href=\"https:\/\/portal.quicksilvertranslate.com\/vendors\" target=\"_blank\" rel=\"noopener noreferrer\">Portal del proveedor de Quicksilver Translations<\/a><br \/>\nMediante el env\u00edo de sus datos personales usted acepta nuestros <a title=\"Avisos legales\" href=\"..\/avisos-legales\/\">t\u00e9rminos legales<\/a><\/p>\n","protected":false},"excerpt":{"rendered":"<p>Puede darse de alta como traductor o iniciar sesi\u00f3n en el Portal del proveedor de Quicksilver Translations Mediante el env\u00edo de sus datos personales usted acepta nuestros t\u00e9rminos legales<\/p>\n","protected":false},"author":1,"featured_media":6698,"parent":5943,"menu_order":4,"comment_status":"closed","ping_status":"closed","template":"","meta":{"footnotes":""},"class_list":["post-6697","page","type-page","status-publish","has-post-thumbnail","hentry","has-post-title","has-post-date","has-post-category","has-post-tag","has-post-comment","has-post-author",""],"jetpack_sharing_enabled":true,"builder_content":"","_links":{"self":[{"href":"https:\/\/quicksilvertranslate.com\/es\/wp-json\/wp\/v2\/pages\/6697","targetHints":{"allow":["GET"]}}],"collection":[{"href":"https:\/\/quicksilvertranslate.com\/es\/wp-json\/wp\/v2\/pages"}],"about":[{"href":"https:\/\/quicksilvertranslate.com\/es\/wp-json\/wp\/v2\/types\/page"}],"author":[{"embeddable":true,"href":"https:\/\/quicksilvertranslate.com\/es\/wp-json\/wp\/v2\/users\/1"}],"replies":[{"embeddable":true,"href":"https:\/\/quicksilvertranslate.com\/es\/wp-json\/wp\/v2\/comments?post=6697"}],"version-history":[{"count":0,"href":"https:\/\/quicksilvertranslate.com\/es\/wp-json\/wp\/v2\/pages\/6697\/revisions"}],"up":[{"embeddable":true,"href":"https:\/\/quicksilvertranslate.com\/es\/wp-json\/wp\/v2\/pages\/5943"}],"wp:featuredmedia":[{"embeddable":true,"href":"https:\/\/quicksilvertranslate.com\/es\/wp-json\/wp\/v2\/media\/6698"}],"wp:attachment":[{"href":"https:\/\/quicksilvertranslate.com\/es\/wp-json\/wp\/v2\/media?parent=6697"}],"curies":[{"name":"wp","href":"https:\/\/api.w.org\/{rel}","templated":true}]}}