{"id":6721,"date":"2010-12-14T10:17:41","date_gmt":"2010-12-14T10:17:41","guid":{"rendered":"https:\/\/quicksilvertranslate.com\/reducimos"},"modified":"2020-10-10T14:36:58","modified_gmt":"2020-10-10T12:36:58","slug":"reducimos","status":"publish","type":"page","link":"https:\/\/quicksilvertranslate.com\/es\/quienes-somos\/metodologia\/valor-anadido-para-nuestros-clientes\/reducimos\/","title":{"rendered":"Reducimos\u2026"},"content":{"rendered":"<p style=\"text-align: justify;\"><img data-recalc-dims=\"1\" loading=\"lazy\" decoding=\"async\" class=\"alignnone wp-image-4584 size-full\" src=\"https:\/\/i0.wp.com\/quicksilvertranslate.com\/wp-content\/uploads\/upward-trend-banner_943x200.png?resize=943%2C200&#038;ssl=1\" alt=\"upward-trend-banner_943x200\" width=\"943\" height=\"200\" \/><\/p>\n<p style=\"text-align: justify;\"><strong>\u2026ESTR\u00c9S:<\/strong> nuestros procesos optimizados e integrados nos permiten descargarle el peso del estr\u00e9s y de las tensiones asociadas a la gesti\u00f3n del proceso de documentaci\u00f3n. Aun sin tener la versi\u00f3n definitiva del documento en cuesti\u00f3n, puede enviarnos a traducir un borrador que, gracias a nuestros programas de software de \u00faltima generaci\u00f3n, podremos completar en cuanto est\u00e9 lista la versi\u00f3n final. S\u00f3lo tendremos que traducir las modificaciones y hacer algunos ajustes, ahorr\u00e1ndole estr\u00e9s, tiempo y dinero. Tenemos tambi\u00e9n amplia experiencia en las tareas t\u00edpicas de dise\u00f1o y reajuste relacionadas con la producci\u00f3n y mantenimiento de documentaci\u00f3n multiling\u00fce. Esto garantiza que la gesti\u00f3n de la documentaci\u00f3n no sea nunca un obst\u00e1culo para poder vender en otros mercados lo antes posible.<\/p>\n<p style=\"text-align: justify;\"><strong>\u2026COSTES:<\/strong> nuestro proceso integrado reduce considerablemente la duraci\u00f3n del proceso de traducci\u00f3n. Adem\u00e1s, nuestras herramientas de traducci\u00f3n asistida por ordenador (TAO) nos permite compartir con nuestros clientes tanto la reducci\u00f3n en costes como el aumento de la productividad.<\/p>\n<p style=\"text-align: justify;\"><strong>\u2026M\u00daLTIPLES PROVEEDORES:<\/strong> somos un proveedor integrado de servicios ling\u00fc\u00edsticos. Podemos traducir cualquier combinaci\u00f3n de idiomas, utilizando siempre traductores cualificados, expertos y nativos del idioma de destino. Como nuestro principal valor a\u00f1adido est\u00e1 en la integraci\u00f3n de los procesos de traducci\u00f3n y maquetaci\u00f3n, ya no tendr\u00e1 que involucrar a m\u00e1s de un proveedor.<\/p>\n<p style=\"text-align: justify;\"><strong>\u2026PROBLEMAS LING\u00dc\u00cdSTICOS: <\/strong>todos nuestros traductores son ling\u00fcistas profesionales y altamente cualificados, nativos del idioma al que traducen y, siempre que sea posible, residentes en pa\u00edses donde se hable ese idioma. Por tanto, podemos garantizar una traducci\u00f3n de calidad \u00f3ptima a precios altamente competitivos. Adem\u00e1s, nuestros rigurosos procesos de revisi\u00f3n y los programas de software que utilizamos garantizan la calidad y la coherencia de todo lo que hagamos para su empresa.<\/p>\n","protected":false},"excerpt":{"rendered":"<p>\u2026ESTR\u00c9S: nuestros procesos optimizados e integrados nos permiten descargarle el peso del estr\u00e9s y de las tensiones asociadas a la gesti\u00f3n del proceso de documentaci\u00f3n. Aun sin tener la versi\u00f3n definitiva del documento en cuesti\u00f3n, puede enviarnos a traducir un borrador que, gracias a nuestros programas de software de \u00faltima generaci\u00f3n, podremos completar en cuanto [&hellip;]<\/p>\n","protected":false},"author":1,"featured_media":6723,"parent":6705,"menu_order":2,"comment_status":"closed","ping_status":"closed","template":"","meta":{"footnotes":""},"class_list":["post-6721","page","type-page","status-publish","has-post-thumbnail","hentry","has-post-title","has-post-date","has-post-category","has-post-tag","has-post-comment","has-post-author",""],"jetpack_sharing_enabled":true,"builder_content":"","_links":{"self":[{"href":"https:\/\/quicksilvertranslate.com\/es\/wp-json\/wp\/v2\/pages\/6721","targetHints":{"allow":["GET"]}}],"collection":[{"href":"https:\/\/quicksilvertranslate.com\/es\/wp-json\/wp\/v2\/pages"}],"about":[{"href":"https:\/\/quicksilvertranslate.com\/es\/wp-json\/wp\/v2\/types\/page"}],"author":[{"embeddable":true,"href":"https:\/\/quicksilvertranslate.com\/es\/wp-json\/wp\/v2\/users\/1"}],"replies":[{"embeddable":true,"href":"https:\/\/quicksilvertranslate.com\/es\/wp-json\/wp\/v2\/comments?post=6721"}],"version-history":[{"count":0,"href":"https:\/\/quicksilvertranslate.com\/es\/wp-json\/wp\/v2\/pages\/6721\/revisions"}],"up":[{"embeddable":true,"href":"https:\/\/quicksilvertranslate.com\/es\/wp-json\/wp\/v2\/pages\/6705"}],"wp:featuredmedia":[{"embeddable":true,"href":"https:\/\/quicksilvertranslate.com\/es\/wp-json\/wp\/v2\/media\/6723"}],"wp:attachment":[{"href":"https:\/\/quicksilvertranslate.com\/es\/wp-json\/wp\/v2\/media?parent=6721"}],"curies":[{"name":"wp","href":"https:\/\/api.w.org\/{rel}","templated":true}]}}