{"id":6745,"date":"2010-12-14T10:30:31","date_gmt":"2010-12-14T10:30:31","guid":{"rendered":"https:\/\/quicksilvertranslate.com\/aportamos"},"modified":"2020-10-10T14:36:58","modified_gmt":"2020-10-10T12:36:58","slug":"aportamos","status":"publish","type":"page","link":"https:\/\/quicksilvertranslate.com\/es\/quienes-somos\/metodologia\/valor-anadido-para-nuestros-clientes\/aportamos\/","title":{"rendered":"Aportamos\u2026"},"content":{"rendered":"<p style=\"text-align: justify;\"><img data-recalc-dims=\"1\" loading=\"lazy\" decoding=\"async\" class=\"alignnone wp-image-4584 size-full\" src=\"https:\/\/i0.wp.com\/quicksilvertranslate.com\/wp-content\/uploads\/upward-trend-banner_943x200.png?resize=943%2C200&#038;ssl=1\" alt=\"upward-trend-banner_943x200\" width=\"943\" height=\"200\" \/><\/p>\n<p style=\"text-align: justify;\"><strong>\u2026CONFIANZA:<\/strong> hacemos todo lo posible por entender y satisfacer las preferencias de nuestros clientes, sus objetivos y necesidades, con el fin de desarrollar y mantener una relaci\u00f3n de confianza y a largo plazo. La colaboraci\u00f3n directa no s\u00f3lo con nuestros clientes, sino tambi\u00e9n sus socios y distribuidores, es una parte fundamental de nuestra filosof\u00eda de gesti\u00f3n de proyectos.<\/p>\n<p style=\"text-align: justify;\">&#8230;<strong>GESTI\u00d3N CENTRALIZADA DE TODO EL PROCESO DE DOCUMENTACI\u00d3N<\/strong>: nuestros programas de software de \u00faltima generaci\u00f3n nos permiten controlar todo el proceso de traducci\u00f3n, desde el primer borrador hasta la versi\u00f3n final. Tambi\u00e9n ofrecemos soluciones completas de maquetaci\u00f3n, gestionando archivos traducidos y maquetados preparados para imprimir o publicar.<\/p>\n<p style=\"text-align: justify;\"><strong>\u2026CONOCIMIENTOS LING\u00dc\u00cdSTICOS APLICABLES:<\/strong> Nuestro equipo est\u00e1 formado por traductores, ling\u00fcistas y especialistas con amplia experiencia en distintos sectores. Todos los colaboradores de QuickSilver siguen las estrictas medidas de control de calidad certificadas por el sello ISO 9001:200, medidas observadas durante todo el proceso (creaci\u00f3n de glosarios, traducci\u00f3n, revisi\u00f3n, maquetaci\u00f3n, etc.).<\/p>\n<p style=\"text-align: justify;\">El proceso est\u00e1 controlado en todo momento por nuestro gestores de proyectos, responsables de supervisar toda la operaci\u00f3n, paso a paso, manteniendo informado al cliente en todo momento.<\/p>\n<p style=\"text-align: justify;\"><strong>&#8230; COHERENCIA LING\u00dc\u00cdSTICA EN EL TIEMPO, SIN IMPORTAR DE QU\u00c9 \u00c1REA FUNCIONAL O UNIDAD DE NEGOCIO PROVENGA LA NECESIDAD, Y EN M\u00daLTIPLES FORMATOS<\/strong><\/p>\n","protected":false},"excerpt":{"rendered":"<p>\u2026CONFIANZA: hacemos todo lo posible por entender y satisfacer las preferencias de nuestros clientes, sus objetivos y necesidades, con el fin de desarrollar y mantener una relaci\u00f3n de confianza y a largo plazo. La colaboraci\u00f3n directa no s\u00f3lo con nuestros clientes, sino tambi\u00e9n sus socios y distribuidores, es una parte fundamental de nuestra filosof\u00eda de [&hellip;]<\/p>\n","protected":false},"author":1,"featured_media":6746,"parent":6705,"menu_order":1,"comment_status":"closed","ping_status":"closed","template":"","meta":{"footnotes":""},"class_list":["post-6745","page","type-page","status-publish","has-post-thumbnail","hentry","has-post-title","has-post-date","has-post-category","has-post-tag","has-post-comment","has-post-author",""],"jetpack_sharing_enabled":true,"builder_content":"","_links":{"self":[{"href":"https:\/\/quicksilvertranslate.com\/es\/wp-json\/wp\/v2\/pages\/6745","targetHints":{"allow":["GET"]}}],"collection":[{"href":"https:\/\/quicksilvertranslate.com\/es\/wp-json\/wp\/v2\/pages"}],"about":[{"href":"https:\/\/quicksilvertranslate.com\/es\/wp-json\/wp\/v2\/types\/page"}],"author":[{"embeddable":true,"href":"https:\/\/quicksilvertranslate.com\/es\/wp-json\/wp\/v2\/users\/1"}],"replies":[{"embeddable":true,"href":"https:\/\/quicksilvertranslate.com\/es\/wp-json\/wp\/v2\/comments?post=6745"}],"version-history":[{"count":0,"href":"https:\/\/quicksilvertranslate.com\/es\/wp-json\/wp\/v2\/pages\/6745\/revisions"}],"up":[{"embeddable":true,"href":"https:\/\/quicksilvertranslate.com\/es\/wp-json\/wp\/v2\/pages\/6705"}],"wp:featuredmedia":[{"embeddable":true,"href":"https:\/\/quicksilvertranslate.com\/es\/wp-json\/wp\/v2\/media\/6746"}],"wp:attachment":[{"href":"https:\/\/quicksilvertranslate.com\/es\/wp-json\/wp\/v2\/media?parent=6745"}],"curies":[{"name":"wp","href":"https:\/\/api.w.org\/{rel}","templated":true}]}}