{"id":8129,"date":"2010-12-15T12:47:10","date_gmt":"2010-12-15T11:47:10","guid":{"rendered":"https:\/\/quicksilvertranslate.com\/traduccion-tecnica"},"modified":"2021-01-26T17:24:38","modified_gmt":"2021-01-26T16:24:38","slug":"traduccion-tecnica","status":"publish","type":"page","link":"https:\/\/quicksilvertranslate.com\/es\/servicios\/traduccion-tecnica\/","title":{"rendered":"Traducci\u00f3n t\u00e9cnica"},"content":{"rendered":"<p><img data-recalc-dims=\"1\" loading=\"lazy\" decoding=\"async\" class=\"alignnone wp-image-4579 size-full\" src=\"https:\/\/i0.wp.com\/quicksilvertranslate.com\/wp-content\/uploads\/bizdocument-banner_943x200.png?resize=943%2C200&#038;ssl=1\" alt=\"bizdocument-banner_943x200\" width=\"943\" height=\"200\" \/><br \/>Nuestra trayectoria es testimonio de nuestra capacidad de traducci\u00f3n en un todo tipo de documentos, desde materiales de marketing a manuales t\u00e9cnicos, p\u00e1ginas web a comunicaciones internas.La calidad en un proyecto complejo, como un sitio web o un manual t\u00e9cnico de gran volumen, depende de la estrecha interacci\u00f3n entre nuestra experiencia ling\u00fc\u00edstica y las herramientas t\u00e9cnicas que utilizamos. Hacemos todo lo posible por entender y satisfacer las preferencias de nuestros clientes, sus objetivos y necesidades.<\/p>\n<p>QuickSilver coordina <strong>una red global de traductores altamente experimentados<\/strong>, lo cual nos permite responder a pr\u00e1cticamente cualquier combinaci\u00f3n de traducci\u00f3n que necesite.\u00a0Todos nuestros traductores traducen a su lengua nativa. Para los principales pares de lenguas, siempre recurrimos a <strong>traductores biling\u00fces<\/strong>, garantizando as\u00ed la mejor calidad de traducci\u00f3n posible.<\/p>\n<hr \/>\n<h3>Pida presupuesto<\/h3>\n<!--themify_builder_content-->\n<div id=\"themify_builder_content-8129\" data-postid=\"8129\" class=\"themify_builder_content themify_builder_content-8129 themify_builder tf_clear\">\n    <\/div>\n<!--\/themify_builder_content-->","protected":false},"excerpt":{"rendered":"<p>Nuestra trayectoria es testimonio de nuestra capacidad de traducci\u00f3n en un todo tipo de documentos, desde materiales de marketing a manuales t\u00e9cnicos, p\u00e1ginas web a comunicaciones internas.La calidad en un proyecto complejo, como un sitio web o un manual t\u00e9cnico de gran volumen, depende de la estrecha interacci\u00f3n entre nuestra experiencia ling\u00fc\u00edstica y las herramientas [&hellip;]<\/p>\n","protected":false},"author":1,"featured_media":8131,"parent":5847,"menu_order":0,"comment_status":"closed","ping_status":"open","template":"","meta":{"footnotes":""},"class_list":["post-8129","page","type-page","status-publish","has-post-thumbnail","hentry","has-post-title","has-post-date","has-post-category","has-post-tag","has-post-comment","has-post-author",""],"jetpack_sharing_enabled":true,"builder_content":"","_links":{"self":[{"href":"https:\/\/quicksilvertranslate.com\/es\/wp-json\/wp\/v2\/pages\/8129","targetHints":{"allow":["GET"]}}],"collection":[{"href":"https:\/\/quicksilvertranslate.com\/es\/wp-json\/wp\/v2\/pages"}],"about":[{"href":"https:\/\/quicksilvertranslate.com\/es\/wp-json\/wp\/v2\/types\/page"}],"author":[{"embeddable":true,"href":"https:\/\/quicksilvertranslate.com\/es\/wp-json\/wp\/v2\/users\/1"}],"replies":[{"embeddable":true,"href":"https:\/\/quicksilvertranslate.com\/es\/wp-json\/wp\/v2\/comments?post=8129"}],"version-history":[{"count":0,"href":"https:\/\/quicksilvertranslate.com\/es\/wp-json\/wp\/v2\/pages\/8129\/revisions"}],"up":[{"embeddable":true,"href":"https:\/\/quicksilvertranslate.com\/es\/wp-json\/wp\/v2\/pages\/5847"}],"wp:featuredmedia":[{"embeddable":true,"href":"https:\/\/quicksilvertranslate.com\/es\/wp-json\/wp\/v2\/media\/8131"}],"wp:attachment":[{"href":"https:\/\/quicksilvertranslate.com\/es\/wp-json\/wp\/v2\/media?parent=8129"}],"curies":[{"name":"wp","href":"https:\/\/api.w.org\/{rel}","templated":true}]}}