{"id":8168,"date":"2010-12-15T12:58:58","date_gmt":"2010-12-15T11:58:58","guid":{"rendered":"https:\/\/quicksilvertranslate.com\/traducciones-juridicas"},"modified":"2020-10-10T14:37:36","modified_gmt":"2020-10-10T12:37:36","slug":"traducciones-juridicas","status":"publish","type":"page","link":"https:\/\/quicksilvertranslate.com\/es\/servicios\/traduccion-tecnica\/traducciones-juridicas\/","title":{"rendered":"Traducciones jur\u00eddicas"},"content":{"rendered":"<p><img data-recalc-dims=\"1\" loading=\"lazy\" decoding=\"async\" class=\"alignleft wp-image-8169 size-full\" src=\"https:\/\/i0.wp.com\/x8p.6a8.myftpupload.com\/wp-content\/uploads\/Legal-translations_350x350.png?resize=400%2C350\" alt=\"Legal-translations_350x350\" width=\"400\" height=\"350\" srcset=\"https:\/\/i0.wp.com\/quicksilvertranslate.com\/wp-content\/uploads\/Legal-translations_350x350.png?w=400&amp;ssl=1 400w, https:\/\/i0.wp.com\/quicksilvertranslate.com\/wp-content\/uploads\/Legal-translations_350x350.png?resize=350%2C306&amp;ssl=1 350w\" sizes=\"auto, (max-width: 400px) 100vw, 400px\" \/><\/p>\n<ul>\n<li>Documentos legales<\/li>\n<li>Reconocimiento oficial de certificados acad\u00e9micos<\/li>\n<li>Procesos de nacionalizaci\u00f3n<\/li>\n<li>Permisos de residencia<\/li>\n<li>Poderes notariales<\/li>\n<li>Actas de reuniones<\/li>\n<li>Contratos<\/li>\n<li>Cartas de intenciones y memorandos<\/li>\n<li>Informes de auditor\u00edas<\/li>\n<li>Informaci\u00f3n financiera<\/li>\n<\/ul>\n<p>Igual que sucede con las traducciones financieras o t\u00e9cnicas, resulta fundamental que las traducciones jur\u00eddicas sean absolutamente correctas. El equipo de traductores especializados de QuickSilver garantiza que la traducci\u00f3n de sus documentos jur\u00eddicos sea totalmente fiel, y que la terminolog\u00eda legal sea traducida con el equivalente exacto en el idioma meta.QuickSilver tambi\u00e9n ofrece un servicio de traducci\u00f3n jurada.<\/p>\n<hr \/>\n<h4>Petici\u00f3n de presupuesto<\/h4>\n","protected":false},"excerpt":{"rendered":"<p>Documentos legales Reconocimiento oficial de certificados acad\u00e9micos Procesos de nacionalizaci\u00f3n Permisos de residencia Poderes notariales Actas de reuniones Contratos Cartas de intenciones y memorandos Informes de auditor\u00edas Informaci\u00f3n financiera Igual que sucede con las traducciones financieras o t\u00e9cnicas, resulta fundamental que las traducciones jur\u00eddicas sean absolutamente correctas. El equipo de traductores especializados de QuickSilver garantiza [&hellip;]<\/p>\n","protected":false},"author":1,"featured_media":18479,"parent":8129,"menu_order":3,"comment_status":"closed","ping_status":"open","template":"","meta":{"footnotes":""},"class_list":["post-8168","page","type-page","status-publish","has-post-thumbnail","hentry","has-post-title","has-post-date","has-post-category","has-post-tag","has-post-comment","has-post-author",""],"jetpack_sharing_enabled":true,"builder_content":"","_links":{"self":[{"href":"https:\/\/quicksilvertranslate.com\/es\/wp-json\/wp\/v2\/pages\/8168","targetHints":{"allow":["GET"]}}],"collection":[{"href":"https:\/\/quicksilvertranslate.com\/es\/wp-json\/wp\/v2\/pages"}],"about":[{"href":"https:\/\/quicksilvertranslate.com\/es\/wp-json\/wp\/v2\/types\/page"}],"author":[{"embeddable":true,"href":"https:\/\/quicksilvertranslate.com\/es\/wp-json\/wp\/v2\/users\/1"}],"replies":[{"embeddable":true,"href":"https:\/\/quicksilvertranslate.com\/es\/wp-json\/wp\/v2\/comments?post=8168"}],"version-history":[{"count":0,"href":"https:\/\/quicksilvertranslate.com\/es\/wp-json\/wp\/v2\/pages\/8168\/revisions"}],"up":[{"embeddable":true,"href":"https:\/\/quicksilvertranslate.com\/es\/wp-json\/wp\/v2\/pages\/8129"}],"wp:featuredmedia":[{"embeddable":true,"href":"https:\/\/quicksilvertranslate.com\/es\/wp-json\/wp\/v2\/media\/18479"}],"wp:attachment":[{"href":"https:\/\/quicksilvertranslate.com\/es\/wp-json\/wp\/v2\/media?parent=8168"}],"curies":[{"name":"wp","href":"https:\/\/api.w.org\/{rel}","templated":true}]}}