{"id":8210,"date":"2010-12-15T13:01:02","date_gmt":"2010-12-15T12:01:02","guid":{"rendered":"https:\/\/quicksilvertranslate.com\/materiales-de-marketing"},"modified":"2020-10-10T14:37:38","modified_gmt":"2020-10-10T12:37:38","slug":"materiales-de-marketing","status":"publish","type":"page","link":"https:\/\/quicksilvertranslate.com\/es\/servicios\/traduccion-tecnica\/materiales-de-marketing\/","title":{"rendered":"Materiales de marketing"},"content":{"rendered":"<p><img data-recalc-dims=\"1\" loading=\"lazy\" decoding=\"async\" class=\"size-full wp-image-8211 alignleft\" src=\"https:\/\/i0.wp.com\/quicksilvertranslate.com\/wp-content\/uploads\/marketing_48020.png?resize=500%2C268&#038;ssl=1\" alt=\"marketing_48020\" width=\"500\" height=\"268\" srcset=\"https:\/\/i0.wp.com\/quicksilvertranslate.com\/wp-content\/uploads\/marketing_48020.png?w=500&amp;ssl=1 500w, https:\/\/i0.wp.com\/quicksilvertranslate.com\/wp-content\/uploads\/marketing_48020.png?resize=350%2C188&amp;ssl=1 350w\" sizes=\"auto, (max-width: 500px) 100vw, 500px\" \/>En un mundo cada vez m\u00e1s globalizado y abierto, transmitir su mensaje global a mercados locales es m\u00e1s importante que nunca, y la localizaci\u00f3n de sitios web es uno de los mayores desaf\u00edos a los que se enfrenta cualquier empresa que desee ampliar sus ventas m\u00e1s all\u00e1 del mercado nacional.<br \/>\nLa calidad de su contenido traducido \u2014ya sea en su <a href=\"https:\/\/quicksilvertranslate.com\/es\/servicios\/localizacion-de-sitios-web\">p\u00e1gina web<\/a>, material corporativo o <a href=\"https:\/\/quicksilvertranslate.com\/es\/servicios\/traduccion-especializada\/traducciones-juridicas\">contratos legales<\/a>\u2014 lo dice todo sobre su compromiso con la calidad y el respeto por las culturas locales. Resulta fundamental que su presencia web responda a diferencias ling\u00fc\u00edsticas. La suposici\u00f3n de que \u00abtodo el mundo habla ingl\u00e9s\u00bb con toda probabilidad acabar\u00e1 haciendo que pierda su negocio.A diferencia de las traducciones m\u00e1s t\u00e9cnicas, la precisi\u00f3n resulta algo secundario en las traducci\u00f3n de marketing. Lo m\u00e1s importante es que el contenido fluya con naturalidad.<strong> Nos esforzamos por reproducir el sentido del texto, adaptado al mercado al que va dirigido.<\/strong>Un obst\u00e1culo que hay que sortear en toda traducci\u00f3n es lo que nosotros llamamos \u00abtranslationese\u00bb, una traducci\u00f3n artificial. En algunos tipos de documentaci\u00f3n, por lo general aquellos de car\u00e1cter m\u00e1s t\u00e9cnico, la exactitud respecto al original resulta esencial; sin embargo, cuando se trata de material adicional de marketing lo m\u00e1s importante es producir un texto que parezca que haya sido escrito por un hablante nativo. <strong>\u00abTranslationese\u00bb es cuando se sacrifica dicha naturalidad a fin de reproducir el significado del original, y se acaba produciendo algo que probablemente sea correcto, pero que est\u00e1 expresado de una manera que un hablante nativo nunca utilizar\u00eda.<\/strong>Un peque\u00f1o ejemplo ilustra este principio. En una conversaci\u00f3n, un nativo estadounidense siempre dir\u00eda que algo cuesta \u00abone-fifty\u00bb; nunca \u00abone-dollar-fifty-cents\u00bb. Ahora bien, la segunda opci\u00f3n es totalmente correcta; simplemente es antinatural. Ese es el tipo de \u00abequivocaci\u00f3n\u00bb que un traductor inadecuado o inexperto (o no nativo) no notar\u00eda, pero que cualquier hablante nativo reconocer\u00eda como una traducci\u00f3n \u2013 \u00a1artificial!Por esa y otras razones, en QuickSilver siempre utilizamos traductores que sean nativos en el idioma meta. Adem\u00e1s, durante la fase final de nuestro proceso de revisi\u00f3n, las traducciones son evaluadas individualmente; es decir, sin compararlas con el texto original. Tras haberlas editado a fondo para que sean totalmente correctas, comprobamos que todas las traducciones est\u00e9n expresadas de la manera que utilizar\u00eda un hablante nativo.<strong>Nuestro equipo de traductores cualificados, experimentados y especializados, en combinaci\u00f3n con nuestro <a href=\"https:\/\/quicksilvertranslate.com\/es\/servicios\/reviewproofreading\">estricto proceso de revisi\u00f3n<\/a>, garantizan la mejor calidad de traducci\u00f3n posible, tanto en la precisi\u00f3n como en la idoneidad para un mercado determinado.<\/strong><\/p>\n<hr \/>\n<h3>Pida presupuesto<\/h3>\n","protected":false},"excerpt":{"rendered":"<p>En un mundo cada vez m\u00e1s globalizado y abierto, transmitir su mensaje global a mercados locales es m\u00e1s importante que nunca, y la localizaci\u00f3n de sitios web es uno de los mayores desaf\u00edos a los que se enfrenta cualquier empresa que desee ampliar sus ventas m\u00e1s all\u00e1 del mercado nacional. La calidad de su contenido [&hellip;]<\/p>\n","protected":false},"author":1,"featured_media":8212,"parent":8129,"menu_order":2,"comment_status":"closed","ping_status":"open","template":"","meta":{"footnotes":""},"class_list":["post-8210","page","type-page","status-publish","has-post-thumbnail","hentry","has-post-title","has-post-date","has-post-category","has-post-tag","has-post-comment","has-post-author",""],"jetpack_sharing_enabled":true,"builder_content":"","_links":{"self":[{"href":"https:\/\/quicksilvertranslate.com\/es\/wp-json\/wp\/v2\/pages\/8210","targetHints":{"allow":["GET"]}}],"collection":[{"href":"https:\/\/quicksilvertranslate.com\/es\/wp-json\/wp\/v2\/pages"}],"about":[{"href":"https:\/\/quicksilvertranslate.com\/es\/wp-json\/wp\/v2\/types\/page"}],"author":[{"embeddable":true,"href":"https:\/\/quicksilvertranslate.com\/es\/wp-json\/wp\/v2\/users\/1"}],"replies":[{"embeddable":true,"href":"https:\/\/quicksilvertranslate.com\/es\/wp-json\/wp\/v2\/comments?post=8210"}],"version-history":[{"count":0,"href":"https:\/\/quicksilvertranslate.com\/es\/wp-json\/wp\/v2\/pages\/8210\/revisions"}],"up":[{"embeddable":true,"href":"https:\/\/quicksilvertranslate.com\/es\/wp-json\/wp\/v2\/pages\/8129"}],"wp:featuredmedia":[{"embeddable":true,"href":"https:\/\/quicksilvertranslate.com\/es\/wp-json\/wp\/v2\/media\/8212"}],"wp:attachment":[{"href":"https:\/\/quicksilvertranslate.com\/es\/wp-json\/wp\/v2\/media?parent=8210"}],"curies":[{"name":"wp","href":"https:\/\/api.w.org\/{rel}","templated":true}]}}