{"id":8225,"date":"2010-12-15T13:01:52","date_gmt":"2010-12-15T12:01:52","guid":{"rendered":"https:\/\/quicksilvertranslate.com\/traduccion-de-comunicaciones-internas"},"modified":"2020-10-10T14:37:45","modified_gmt":"2020-10-10T12:37:45","slug":"traduccion-de-comunicaciones-internas","status":"publish","type":"page","link":"https:\/\/quicksilvertranslate.com\/es\/quienes-somos\/metodologia\/consultoria-linguistica\/traduccion-de-comunicaciones-internas\/","title":{"rendered":"Traducci\u00f3n de comunicaciones internas"},"content":{"rendered":"<ul>\n<li style=\"text-align: justify;\"><em>Boletines<\/em><\/li>\n<li><em>Manuales<\/em><\/li>\n<li><em>Hojas de datos<\/em><\/li>\n<li><em>Programas de formaci\u00f3n<\/em><\/li>\n<li><em>Presentaciones PowerPoint<\/em><\/li>\n<li><em>Memorandos<\/em><\/li>\n<\/ul>\n<p>Aunque un documento vaya dirigido s\u00f3lo a miembros de su organizaci\u00f3n \u2013una presentaci\u00f3n sobre formaci\u00f3n, por ejemplo, o un bolet\u00edn anual\u2013 sigue siendo importante que su traducci\u00f3n sea correcta y clara.<\/p>\n<hr>\n<h3>Pida presupuesto<\/h3>\n","protected":false},"excerpt":{"rendered":"<p>Boletines Manuales Hojas de datos Programas de formaci\u00f3n Presentaciones PowerPoint Memorandos Aunque un documento vaya dirigido s\u00f3lo a miembros de su organizaci\u00f3n \u2013una presentaci\u00f3n sobre formaci\u00f3n, por ejemplo, o un bolet\u00edn anual\u2013 sigue siendo importante que su traducci\u00f3n sea correcta y clara. Pida presupuesto<\/p>\n","protected":false},"author":1,"featured_media":0,"parent":8254,"menu_order":0,"comment_status":"closed","ping_status":"open","template":"","meta":{"footnotes":""},"class_list":["post-8225","page","type-page","status-publish","hentry","has-post-title","has-post-date","has-post-category","has-post-tag","has-post-comment","has-post-author",""],"jetpack_sharing_enabled":true,"builder_content":"","_links":{"self":[{"href":"https:\/\/quicksilvertranslate.com\/es\/wp-json\/wp\/v2\/pages\/8225","targetHints":{"allow":["GET"]}}],"collection":[{"href":"https:\/\/quicksilvertranslate.com\/es\/wp-json\/wp\/v2\/pages"}],"about":[{"href":"https:\/\/quicksilvertranslate.com\/es\/wp-json\/wp\/v2\/types\/page"}],"author":[{"embeddable":true,"href":"https:\/\/quicksilvertranslate.com\/es\/wp-json\/wp\/v2\/users\/1"}],"replies":[{"embeddable":true,"href":"https:\/\/quicksilvertranslate.com\/es\/wp-json\/wp\/v2\/comments?post=8225"}],"version-history":[{"count":0,"href":"https:\/\/quicksilvertranslate.com\/es\/wp-json\/wp\/v2\/pages\/8225\/revisions"}],"up":[{"embeddable":true,"href":"https:\/\/quicksilvertranslate.com\/es\/wp-json\/wp\/v2\/pages\/8254"}],"wp:attachment":[{"href":"https:\/\/quicksilvertranslate.com\/es\/wp-json\/wp\/v2\/media?parent=8225"}],"curies":[{"name":"wp","href":"https:\/\/api.w.org\/{rel}","templated":true}]}}