{"id":8230,"date":"2010-12-15T13:02:22","date_gmt":"2010-12-15T12:02:22","guid":{"rendered":"https:\/\/quicksilvertranslate.com\/transcripcion"},"modified":"2020-10-10T14:37:45","modified_gmt":"2020-10-10T12:37:45","slug":"transcripcion","status":"publish","type":"page","link":"https:\/\/quicksilvertranslate.com\/es\/servicios\/traduccion-audiovisual\/transcripcion\/","title":{"rendered":"Transcripci\u00f3n"},"content":{"rendered":"<p>Nuestro servicio de transcripci\u00f3n convierte archivos de audio y video de todo tipo en documentos escritos. Podemos pasar, por ejemplo, archivo de audio MP3 a Microsoft Word de forma r\u00e1pida y precisa.<br \/>\nEl servicio de transcripci\u00f3n sigue todos los procedimientos marcados por la norma ISO 9001:2000, y est\u00e1 totalmente integrada con los dem\u00e1s servicios de QuickSilver (traducci\u00f3n, edici\u00f3n, maquetaci\u00f3n, localizaci\u00f3n de sitios web y cat\u00e1logos, e interpretaci\u00f3n).Si el archivo de audio contiene palabras o frases de dif\u00edcil comprensi\u00f3n (por pronunciaci\u00f3n, ruidos o intervenciones en paralelo) introducimos un \u00absello de tiempo\u00bb que marca el momento exacto en el que aparece dicha palabra o frase, facilitando al cliente la posibilidad de rellenar los huecos. Tambi\u00e9n se pueden sincronizar los archivos, de forma que se pueda hacer clic en la transcripci\u00f3n e ir directamente al punto correspondiente en el archivo de audio\/v\u00eddeo.<\/p>\n<hr>\n<h3>Pida presupuesto<\/h3>\n","protected":false},"excerpt":{"rendered":"<p>Nuestro servicio de transcripci\u00f3n convierte archivos de audio y video de todo tipo en documentos escritos. Podemos pasar, por ejemplo, archivo de audio MP3 a Microsoft Word de forma r\u00e1pida y precisa. El servicio de transcripci\u00f3n sigue todos los procedimientos marcados por la norma ISO 9001:2000, y est\u00e1 totalmente integrada con los dem\u00e1s servicios de [&hellip;]<\/p>\n","protected":false},"author":1,"featured_media":21092,"parent":9767,"menu_order":4,"comment_status":"closed","ping_status":"open","template":"","meta":{"footnotes":""},"class_list":["post-8230","page","type-page","status-publish","has-post-thumbnail","hentry","has-post-title","has-post-date","has-post-category","has-post-tag","has-post-comment","has-post-author",""],"jetpack_sharing_enabled":true,"builder_content":"","_links":{"self":[{"href":"https:\/\/quicksilvertranslate.com\/es\/wp-json\/wp\/v2\/pages\/8230","targetHints":{"allow":["GET"]}}],"collection":[{"href":"https:\/\/quicksilvertranslate.com\/es\/wp-json\/wp\/v2\/pages"}],"about":[{"href":"https:\/\/quicksilvertranslate.com\/es\/wp-json\/wp\/v2\/types\/page"}],"author":[{"embeddable":true,"href":"https:\/\/quicksilvertranslate.com\/es\/wp-json\/wp\/v2\/users\/1"}],"replies":[{"embeddable":true,"href":"https:\/\/quicksilvertranslate.com\/es\/wp-json\/wp\/v2\/comments?post=8230"}],"version-history":[{"count":0,"href":"https:\/\/quicksilvertranslate.com\/es\/wp-json\/wp\/v2\/pages\/8230\/revisions"}],"up":[{"embeddable":true,"href":"https:\/\/quicksilvertranslate.com\/es\/wp-json\/wp\/v2\/pages\/9767"}],"wp:featuredmedia":[{"embeddable":true,"href":"https:\/\/quicksilvertranslate.com\/es\/wp-json\/wp\/v2\/media\/21092"}],"wp:attachment":[{"href":"https:\/\/quicksilvertranslate.com\/es\/wp-json\/wp\/v2\/media?parent=8230"}],"curies":[{"name":"wp","href":"https:\/\/api.w.org\/{rel}","templated":true}]}}