{"id":8295,"date":"2010-12-15T13:13:36","date_gmt":"2010-12-15T12:13:36","guid":{"rendered":"https:\/\/quicksilvertranslate.com\/objetivos-de-la-traduccion"},"modified":"2020-10-10T14:38:03","modified_gmt":"2020-10-10T12:38:03","slug":"objetivos-de-la-traduccion","status":"publish","type":"page","link":"https:\/\/quicksilvertranslate.com\/es\/quienes-somos\/metodologia\/consultoria-linguistica\/objetivos-de-la-traduccion\/","title":{"rendered":"Objetivos de la traducci\u00f3n"},"content":{"rendered":"<p><em>\u00bfA qui\u00e9n va dirigido tu documento? \u00bfEs una nota interna o un texto publicitario externo? \u00bfUn manual o un cat\u00e1logo? \u00bfSu objetivo es animar o informar?<\/em><br \/>\nEstas son las preguntas clave que hay que hacerse en el proceso de traducci\u00f3n. En el caso de material adicional de marketing, suele ser adecuado utilizar un enfoque menos literal: el principal prop\u00f3sito de la traducci\u00f3n es traducir el documento original en un registro que resulte apropiado para el mercado al que va dirigido. Sin embargo, recuerda que si ya les cost\u00f3 a cinco personas ponerse de acuerdo para expresar una frase en el texto original, ese efecto se multiplica en el proceso de traducci\u00f3n. Siempre existe un equilibrio entre la absoluta precisi\u00f3n y la expresi\u00f3n adecuada, y seguramente dos traductores ofrezcan versiones diferentes (\u00a1aunque igual de buenas!) de un mismo documento.En el caso de un documento t\u00e9cnico (un manual, por ejemplo, o un informe de auditor\u00eda), la precisi\u00f3n es algo fundamental, y hasta la imprecisi\u00f3n m\u00e1s m\u00ednima podr\u00eda provocar graves consecuencias. En la documentaci\u00f3n t\u00e9cnica, las caracter\u00edsticas m\u00e1s importantes de la traducci\u00f3n son la precisi\u00f3n, la fidelidad y la consistencia.<a href=\"https:\/\/quicksilvertranslate.com\/servicios\/linguistic-consulting\/objectives-of-translation\/captura-de-pantalla-2011-10-27-a-las-11-49-54-2\" rel=\"attachment wp-att-2335\"><img data-recalc-dims=\"1\" loading=\"lazy\" decoding=\"async\" class=\"size-full wp-image-2335\" title=\"Captura de pantalla 2011-10-27 a las 11.49.54\" src=\"https:\/\/i0.wp.com\/x8p.6a8.myftpupload.com\/wp-content\/uploads\/Captura-de-pantalla-2011-10-27-a-las-11.49.541.png?resize=502%2C310\" alt=\"\" width=\"502\" height=\"310\" srcset=\"https:\/\/i0.wp.com\/quicksilvertranslate.com\/wp-content\/uploads\/Captura-de-pantalla-2011-10-27-a-las-11.49.541.png?w=502&amp;ssl=1 502w, https:\/\/i0.wp.com\/quicksilvertranslate.com\/wp-content\/uploads\/Captura-de-pantalla-2011-10-27-a-las-11.49.541.png?resize=300%2C185&amp;ssl=1 300w\" sizes=\"auto, (max-width: 502px) 100vw, 502px\" \/><\/a><\/p>\n<hr \/>\n<h3>Pida presupuesto<\/h3>\n","protected":false},"excerpt":{"rendered":"<p>\u00bfA qui\u00e9n va dirigido tu documento? \u00bfEs una nota interna o un texto publicitario externo? \u00bfUn manual o un cat\u00e1logo? \u00bfSu objetivo es animar o informar? Estas son las preguntas clave que hay que hacerse en el proceso de traducci\u00f3n. En el caso de material adicional de marketing, suele ser adecuado utilizar un enfoque menos [&hellip;]<\/p>\n","protected":false},"author":1,"featured_media":0,"parent":8254,"menu_order":0,"comment_status":"closed","ping_status":"open","template":"","meta":{"footnotes":""},"class_list":["post-8295","page","type-page","status-publish","hentry","has-post-title","has-post-date","has-post-category","has-post-tag","has-post-comment","has-post-author",""],"jetpack_sharing_enabled":true,"builder_content":"","_links":{"self":[{"href":"https:\/\/quicksilvertranslate.com\/es\/wp-json\/wp\/v2\/pages\/8295","targetHints":{"allow":["GET"]}}],"collection":[{"href":"https:\/\/quicksilvertranslate.com\/es\/wp-json\/wp\/v2\/pages"}],"about":[{"href":"https:\/\/quicksilvertranslate.com\/es\/wp-json\/wp\/v2\/types\/page"}],"author":[{"embeddable":true,"href":"https:\/\/quicksilvertranslate.com\/es\/wp-json\/wp\/v2\/users\/1"}],"replies":[{"embeddable":true,"href":"https:\/\/quicksilvertranslate.com\/es\/wp-json\/wp\/v2\/comments?post=8295"}],"version-history":[{"count":0,"href":"https:\/\/quicksilvertranslate.com\/es\/wp-json\/wp\/v2\/pages\/8295\/revisions"}],"up":[{"embeddable":true,"href":"https:\/\/quicksilvertranslate.com\/es\/wp-json\/wp\/v2\/pages\/8254"}],"wp:attachment":[{"href":"https:\/\/quicksilvertranslate.com\/es\/wp-json\/wp\/v2\/media?parent=8295"}],"curies":[{"name":"wp","href":"https:\/\/api.w.org\/{rel}","templated":true}]}}