{"id":8376,"date":"2010-12-15T13:19:23","date_gmt":"2010-12-15T12:19:23","guid":{"rendered":"https:\/\/quicksilvertranslate.com\/interpretacion-consecutiva"},"modified":"2020-10-10T14:38:12","modified_gmt":"2020-10-10T12:38:12","slug":"interpretacion-consecutiva","status":"publish","type":"page","link":"https:\/\/quicksilvertranslate.com\/es\/servicios\/traduccion-audiovisual\/interpretacion\/interpretacion-consecutiva\/","title":{"rendered":"Interpretaci\u00f3n consecutiva"},"content":{"rendered":"<p>En la interpretaci\u00f3n consecutiva (IC), el int\u00e9rprete intercala el discurso del interlocutor con la traducci\u00f3n de sus palabras. El discurso se divide en segmentos; cuando el interlocutor interrumpe o finaliza su discurso, el int\u00e9rprete traduce una parte del mensaje al idioma meta.<br \/>\nHay dos formas de IC: \u201cIC corta\u201d e \u201cIC larga\u201d. En la IC corta, el int\u00e9rprete hace uso de su memoria, traduciendo segmentos del mensaje lo bastante cortos para ser memorizados. En la IC larga, el int\u00e9rprete ya est\u00e1 familiarizado con el contenido del discurso.Tipo de evento: Conferencias con menor n\u00famero de asistentes, reuniones de trabajo, sesiones formativas.VENTAJAS: No se necesita equipo de audio. Un solo int\u00e9rprete por lengua.INCONVENIENTES: Dobla la duraci\u00f3n del discurso.<\/p>\n<hr \/>\n<h3>Pida presupuesto<\/h3>\n","protected":false},"excerpt":{"rendered":"<p>En la interpretaci\u00f3n consecutiva (IC), el int\u00e9rprete intercala el discurso del interlocutor con la traducci\u00f3n de sus palabras. El discurso se divide en segmentos; cuando el interlocutor interrumpe o finaliza su discurso, el int\u00e9rprete traduce una parte del mensaje al idioma meta. Hay dos formas de IC: \u201cIC corta\u201d e \u201cIC larga\u201d. En la IC [&hellip;]<\/p>\n","protected":false},"author":1,"featured_media":0,"parent":8368,"menu_order":1,"comment_status":"closed","ping_status":"open","template":"","meta":{"footnotes":""},"class_list":["post-8376","page","type-page","status-publish","hentry","has-post-title","has-post-date","has-post-category","has-post-tag","has-post-comment","has-post-author",""],"jetpack_sharing_enabled":true,"builder_content":"","_links":{"self":[{"href":"https:\/\/quicksilvertranslate.com\/es\/wp-json\/wp\/v2\/pages\/8376","targetHints":{"allow":["GET"]}}],"collection":[{"href":"https:\/\/quicksilvertranslate.com\/es\/wp-json\/wp\/v2\/pages"}],"about":[{"href":"https:\/\/quicksilvertranslate.com\/es\/wp-json\/wp\/v2\/types\/page"}],"author":[{"embeddable":true,"href":"https:\/\/quicksilvertranslate.com\/es\/wp-json\/wp\/v2\/users\/1"}],"replies":[{"embeddable":true,"href":"https:\/\/quicksilvertranslate.com\/es\/wp-json\/wp\/v2\/comments?post=8376"}],"version-history":[{"count":0,"href":"https:\/\/quicksilvertranslate.com\/es\/wp-json\/wp\/v2\/pages\/8376\/revisions"}],"up":[{"embeddable":true,"href":"https:\/\/quicksilvertranslate.com\/es\/wp-json\/wp\/v2\/pages\/8368"}],"wp:attachment":[{"href":"https:\/\/quicksilvertranslate.com\/es\/wp-json\/wp\/v2\/media?parent=8376"}],"curies":[{"name":"wp","href":"https:\/\/api.w.org\/{rel}","templated":true}]}}