{"id":8404,"date":"2010-12-15T13:22:57","date_gmt":"2010-12-15T12:22:57","guid":{"rendered":"https:\/\/quicksilvertranslate.com\/revision-correccion"},"modified":"2020-10-10T14:38:20","modified_gmt":"2020-10-10T12:38:20","slug":"revision-correccion","status":"publish","type":"page","link":"https:\/\/quicksilvertranslate.com\/es\/servicios\/edicion-copywriting\/revision-correccion\/","title":{"rendered":"Revisi\u00f3n\/Correcci\u00f3n"},"content":{"rendered":"<p><strong>QuickSilver Translate ofrece servicios de revisi\u00f3n en todos los idiomas para garantizar que sus textos no contienen errores gramaticales ni ortogr\u00e1ficos, y que est\u00e1n escritos en el tono m\u00e1s apropiado para cada necesidad de negocio. <\/strong>Ofrecemos correcci\u00f3n y revisi\u00f3n en ingl\u00e9s americano e ingl\u00e9s brit\u00e1nico.<br \/>\nTambi\u00e9n ofrecemos revisi\u00f3n\/correcci\u00f3n de textos ya traducidos (por el cliente o por terceros). Hay que tener en cuenta, sin embargo, que revisar una mala traducci\u00f3n a menudo lleva m\u00e1s tiempo que volver a hacerla partiendo de cero.QuickSilver ayuda a las empresas<strong> crear o adaptar sus materiales de venta y sitios web a las distintas \u00e1reas ling\u00fc\u00edsticas <\/strong>seg\u00fan cada necesidad (marketing, t\u00e9cnica, period\u00edstica, etc.). Nuestra red internacional de ling\u00fcistas profesionales (todos ellos altamente cualificados y con amplia experiencia) nos permite redactar, revisar y\/o traducir cualquier tipo de documento.Para traducciones t\u00e9cnicas el factor clave es la precisi\u00f3n, pero si traducimos un texto comercial o de marketing, lo m\u00e1s importante es que atraiga al comprador, por lo que es fundamental producir un texto que lea <a href=\"el-proceso-de-revision\">como si hubiese sido escrito por un nativo.<\/a>Por esta raz\u00f3n, en QuickSilver s\u00f3lo trabajamos con traductores nativos del idioma hacia al cual estamos traduciendo. Adem\u00e1s, en la fase final de nuestro proceso de revisi\u00f3n (quality assurance), evaluamos la calidad de los textos traducidos por s\u00ed mismos, es decir, sin compararlos con el texto original. Despu\u00e9s de editarlas en profundidad, comprobamos que el texto final est\u00e9 redactado como lo hubiera hecho un nativo.Si nos env\u00eda un documento ya traducido (y el original en el que se bas\u00f3 la traducci\u00f3n), podemos introducir las equivalencias en nuestra base de datos, lo que nos permite crear una <a href=\"memoria-de-traduccion-tm\">Memoria de Traducci\u00f3n<\/a> para los segmentos de textos m\u00e1s utilizados y la terminolog\u00eda t\u00e9cnica m\u00e1s importante.<\/p>\n<hr>\n<h3>Pida presupuesto<\/h3>\n","protected":false},"excerpt":{"rendered":"<p>QuickSilver Translate ofrece servicios de revisi\u00f3n en todos los idiomas para garantizar que sus textos no contienen errores gramaticales ni ortogr\u00e1ficos, y que est\u00e1n escritos en el tono m\u00e1s apropiado para cada necesidad de negocio. Ofrecemos correcci\u00f3n y revisi\u00f3n en ingl\u00e9s americano e ingl\u00e9s brit\u00e1nico. Tambi\u00e9n ofrecemos revisi\u00f3n\/correcci\u00f3n de textos ya traducidos (por el cliente [&hellip;]<\/p>\n","protected":false},"author":1,"featured_media":8405,"parent":8420,"menu_order":1,"comment_status":"closed","ping_status":"open","template":"","meta":{"footnotes":""},"class_list":["post-8404","page","type-page","status-publish","has-post-thumbnail","hentry","has-post-title","has-post-date","has-post-category","has-post-tag","has-post-comment","has-post-author",""],"jetpack_sharing_enabled":true,"builder_content":"","_links":{"self":[{"href":"https:\/\/quicksilvertranslate.com\/es\/wp-json\/wp\/v2\/pages\/8404","targetHints":{"allow":["GET"]}}],"collection":[{"href":"https:\/\/quicksilvertranslate.com\/es\/wp-json\/wp\/v2\/pages"}],"about":[{"href":"https:\/\/quicksilvertranslate.com\/es\/wp-json\/wp\/v2\/types\/page"}],"author":[{"embeddable":true,"href":"https:\/\/quicksilvertranslate.com\/es\/wp-json\/wp\/v2\/users\/1"}],"replies":[{"embeddable":true,"href":"https:\/\/quicksilvertranslate.com\/es\/wp-json\/wp\/v2\/comments?post=8404"}],"version-history":[{"count":0,"href":"https:\/\/quicksilvertranslate.com\/es\/wp-json\/wp\/v2\/pages\/8404\/revisions"}],"up":[{"embeddable":true,"href":"https:\/\/quicksilvertranslate.com\/es\/wp-json\/wp\/v2\/pages\/8420"}],"wp:featuredmedia":[{"embeddable":true,"href":"https:\/\/quicksilvertranslate.com\/es\/wp-json\/wp\/v2\/media\/8405"}],"wp:attachment":[{"href":"https:\/\/quicksilvertranslate.com\/es\/wp-json\/wp\/v2\/media?parent=8404"}],"curies":[{"name":"wp","href":"https:\/\/api.w.org\/{rel}","templated":true}]}}