{"id":8444,"date":"2010-12-16T10:07:38","date_gmt":"2010-12-16T09:07:38","guid":{"rendered":"https:\/\/quicksilvertranslate.com\/nuestros-procesos"},"modified":"2020-10-10T14:38:29","modified_gmt":"2020-10-10T12:38:29","slug":"nuestros-procesos","status":"publish","type":"page","link":"https:\/\/quicksilvertranslate.com\/es\/quienes-somos\/metodologia\/nuestros-procesos\/","title":{"rendered":"Nuestros procesos"},"content":{"rendered":"<p style=\"text-align: justify;\"><a href=\"https:\/\/quicksilvertranslate.com\/espanol-metodologia\/our-processes\/captura-de-pantalla-2011-11-08-a-las-10-40-05-2\" rel=\"attachment wp-att-2353\"><img data-recalc-dims=\"1\" loading=\"lazy\" decoding=\"async\" class=\"alignnone wp-image-4756 size-full\" title=\"Captura de pantalla 2011-11-08 a las 10.40.05\" src=\"https:\/\/i0.wp.com\/quicksilvertranslate.com\/wp-content\/uploads\/QS-web_DTP-diag_ES.png?resize=900%2C461&#038;ssl=1\" alt=\"\" width=\"900\" height=\"461\" srcset=\"https:\/\/i0.wp.com\/quicksilvertranslate.com\/wp-content\/uploads\/QS-web_DTP-diag_ES.png?w=900&amp;ssl=1 900w, https:\/\/i0.wp.com\/quicksilvertranslate.com\/wp-content\/uploads\/QS-web_DTP-diag_ES.png?resize=350%2C179&amp;ssl=1 350w, https:\/\/i0.wp.com\/quicksilvertranslate.com\/wp-content\/uploads\/QS-web_DTP-diag_ES.png?resize=768%2C393&amp;ssl=1 768w, https:\/\/i0.wp.com\/quicksilvertranslate.com\/wp-content\/uploads\/QS-web_DTP-diag_ES.png?resize=707%2C362&amp;ssl=1 707w\" sizes=\"auto, (max-width: 900px) 100vw, 900px\" \/><\/a><\/p>\n<p style=\"text-align: justify;\">Este diagrama muestra el proceso normal de la traducci\u00f3n, utilizado en la mayor\u00eda de empresas.<\/p>\n<p style=\"text-align: justify;\">Este proceso es poco eficiente desde el punto de vista econ\u00f3mico y de gesti\u00f3n de tiempo, y es precisamente el hecho de que haya tantos profesionales involucrados en \u00e9l lo que provoca la aparici\u00f3n de errores en todas las fases del proceso.<\/p>\n<p style=\"text-align: justify;\">En QuickSilver utilizamos t\u00e9cnicas pioneras en la integraci\u00f3n de fases del proceso de documentaci\u00f3n que pueden ahorrarte tiempo, dinero y estr\u00e9s.<\/p>\n<p style=\"text-align: justify;\">Podemos dividir las ventajas de nuestra metodolog\u00eda en tres categor\u00edas, que corresponden a los tres v\u00e9rtices del <a href=\"https:\/\/quicksilvertranslate.com\/es\/metodologia\/nuestra-filosofia\">\u00abTri\u00e1ngulo Imposible de la Traducci\u00f3n\u00bb<\/a>:<\/p>\n<p style=\"text-align: justify;\">En primer lugar, <strong>RAPIDEZ<\/strong>: reducimos los plazos tanto de producci\u00f3n como de gesti\u00f3n gracias a procesos optimizados: la documentaci\u00f3n traducida puede salir casi al mismo tiempo que la original, y los cambios de \u00faltima hora dejan de ser un problema.<\/p>\n<p style=\"text-align: justify;\">En segundo lugar, el <strong>COSTE<\/strong>: la centralizaci\u00f3n de servicios caracter\u00edstica de la metodolog\u00eda QuickSilver reduce tanto los costes internos como los externos, hace que a\u00f1adir otro idioma sea mucho m\u00e1s f\u00e1cil que con otras metodolog\u00edas, y reduce la cantidad de recursos dedicados a la gesti\u00f3n de proveedores.<\/p>\n<p style=\"text-align: justify;\">Finalmente, <strong>CALIDAD<\/strong>: la metodolog\u00eda de QuickSilver evita errores: nuestro estricto <a href=\"https:\/\/quicksilvertranslate.com\/es\/quienes-somos\/traductores\">proceso de selecci\u00f3n de traductores <\/a>incrementa el nivel de confianza en el proceso; nos adaptamos a tus preferencias ling\u00fc\u00edsticas, asegurando que la traducci\u00f3n final es aqu\u00e9lla que quieres, y nuestro <a href=\"https:\/\/quicksilvertranslate.com\/es\/metodologia\/nuestras-herramientas\/memoria-de-traduccion-tm\">software<\/a> garantiza la consistencia entre traducciones.<\/p>\n","protected":false},"excerpt":{"rendered":"<p>Este diagrama muestra el proceso normal de la traducci\u00f3n, utilizado en la mayor\u00eda de empresas. Este proceso es poco eficiente desde el punto de vista econ\u00f3mico y de gesti\u00f3n de tiempo, y es precisamente el hecho de que haya tantos profesionales involucrados en \u00e9l lo que provoca la aparici\u00f3n de errores en todas las fases [&hellip;]<\/p>\n","protected":false},"author":1,"featured_media":8454,"parent":5985,"menu_order":0,"comment_status":"closed","ping_status":"open","template":"","meta":{"footnotes":""},"class_list":["post-8444","page","type-page","status-publish","has-post-thumbnail","hentry","has-post-title","has-post-date","has-post-category","has-post-tag","has-post-comment","has-post-author",""],"jetpack_sharing_enabled":true,"builder_content":"","_links":{"self":[{"href":"https:\/\/quicksilvertranslate.com\/es\/wp-json\/wp\/v2\/pages\/8444","targetHints":{"allow":["GET"]}}],"collection":[{"href":"https:\/\/quicksilvertranslate.com\/es\/wp-json\/wp\/v2\/pages"}],"about":[{"href":"https:\/\/quicksilvertranslate.com\/es\/wp-json\/wp\/v2\/types\/page"}],"author":[{"embeddable":true,"href":"https:\/\/quicksilvertranslate.com\/es\/wp-json\/wp\/v2\/users\/1"}],"replies":[{"embeddable":true,"href":"https:\/\/quicksilvertranslate.com\/es\/wp-json\/wp\/v2\/comments?post=8444"}],"version-history":[{"count":0,"href":"https:\/\/quicksilvertranslate.com\/es\/wp-json\/wp\/v2\/pages\/8444\/revisions"}],"up":[{"embeddable":true,"href":"https:\/\/quicksilvertranslate.com\/es\/wp-json\/wp\/v2\/pages\/5985"}],"wp:featuredmedia":[{"embeddable":true,"href":"https:\/\/quicksilvertranslate.com\/es\/wp-json\/wp\/v2\/media\/8454"}],"wp:attachment":[{"href":"https:\/\/quicksilvertranslate.com\/es\/wp-json\/wp\/v2\/media?parent=8444"}],"curies":[{"name":"wp","href":"https:\/\/api.w.org\/{rel}","templated":true}]}}