{"id":8532,"date":"2010-12-16T10:08:27","date_gmt":"2010-12-16T09:08:27","guid":{"rendered":"https:\/\/quicksilvertranslate.com\/certificacion-iso-90012008"},"modified":"2020-10-10T14:38:30","modified_gmt":"2020-10-10T12:38:30","slug":"certificacion-iso-90012008","status":"publish","type":"page","link":"https:\/\/quicksilvertranslate.com\/es\/quienes-somos\/metodologia\/certificacion-iso-90012008\/","title":{"rendered":"Certificaci\u00f3n ISO 9001:2008"},"content":{"rendered":"<p style=\"text-align: justify;\"><img data-recalc-dims=\"1\" loading=\"lazy\" decoding=\"async\" class=\"alignnone wp-image-4587 size-full\" src=\"https:\/\/i0.wp.com\/quicksilvertranslate.com\/wp-content\/uploads\/value_banner_943x200.png?resize=943%2C200&#038;ssl=1\" width=\"943\" height=\"200\" \/><\/p>\n<p style=\"text-align: justify;\">La certificaci\u00f3n <strong>ISO 9001:2008<\/strong> es un reconocido sello de calidad que asegura a los clientes que obtienen servicios de una empresa que puede entregar la m\u00e1xima calidad en todos los proyectos. <strong>ISO 9001<\/strong> es un conjunto de est\u00e1ndares internacionales que obliga a implantar sistemas de gesti\u00f3n de calidad en las organizaciones. Como certificaci\u00f3n externa, da validez a la adopci\u00f3n de una serie de procesos de calidad identificados, definidos y documentados que facilitan la entrega de productos y servicios.<\/p>\n<p style=\"text-align: justify;\">En otras palabras, el proceso de certificaci\u00f3n <strong>ISO 9001:2008<\/strong> analiza todos los procedimientos que sigue una empresa para producir su producto o servicio. Aplicado al mundo de la traducci\u00f3n, es importante aclarar que la certificaci\u00f3n ISO 9001:2000 no puede garantizar la calidad o incluso la precisi\u00f3n de una traducci\u00f3n en concreto. S\u00ed garantiza, sin embargo, que recibir\u00e1s un servicio profesional y de alta calidad, gestionado y medido de forma objetiva.<\/p>\n<p style=\"text-align: justify;\">El principal objetivo de la certificaci\u00f3n <strong>ISO 9001:2008<\/strong> es asegurar a un cliente potencial que la empresa de servicios ling\u00fc\u00edsticos gestiona un sistema de calidad documentado que asegura la m\u00e1xima calidad posible de su servicio. No se puede obtener la certificaci\u00f3n <strong>ISO 9001:2008<\/strong> sin que los procedimientos internos cumplan con la norma internacional, gracias a la cual la empresa y sus empleados se centran exclusivamente en calidad, evitar errores, y evitar que \u00e9stos se repitan.<\/p>\n<p style=\"text-align: justify;\">Por ejemplo, la norma <strong>ISO 9001:2008<\/strong> exige que la empresa incluya en sus procesos fundamentales alg\u00fan tipo de medici\u00f3n de la satisfacci\u00f3n de sus clientes, o procedimientos de gesti\u00f3n de feedback. Tambi\u00e9n obliga a evaluar la calidad de los proveedores (por ejemplo, traductores freelance que trabajan para la empresa) de forma objetiva y con una m\u00ednima frecuencia.<\/p>\n<p style=\"text-align: justify;\">As\u00ed pues, aunque una empresa de servicios ling\u00fc\u00edsticos con certificaci\u00f3n<strong> ISO 9001:2000<\/strong> no puede garantizar la calidad de una traducci\u00f3n en concreto, s\u00ed puede garantizar la calidad de su servicio mediante la implantaci\u00f3n de procedimientos que generan un entorno en el que se busca siempre un servicio de primera calidad. En un tema tan subjetivo como la traducci\u00f3n, esta es la \u00fanica objetividad que se puede exigir. La confianza que genera esta certificaci\u00f3n es lo que diferencia una empresa certificada de las dem\u00e1s.<\/p>\n","protected":false},"excerpt":{"rendered":"<p>La certificaci\u00f3n ISO 9001:2008 es un reconocido sello de calidad que asegura a los clientes que obtienen servicios de una empresa que puede entregar la m\u00e1xima calidad en todos los proyectos. ISO 9001 es un conjunto de est\u00e1ndares internacionales que obliga a implantar sistemas de gesti\u00f3n de calidad en las organizaciones. Como certificaci\u00f3n externa, da [&hellip;]<\/p>\n","protected":false},"author":1,"featured_media":0,"parent":5985,"menu_order":0,"comment_status":"closed","ping_status":"open","template":"","meta":{"footnotes":""},"class_list":["post-8532","page","type-page","status-publish","hentry","has-post-title","has-post-date","has-post-category","has-post-tag","has-post-comment","has-post-author",""],"jetpack_sharing_enabled":true,"builder_content":"","_links":{"self":[{"href":"https:\/\/quicksilvertranslate.com\/es\/wp-json\/wp\/v2\/pages\/8532","targetHints":{"allow":["GET"]}}],"collection":[{"href":"https:\/\/quicksilvertranslate.com\/es\/wp-json\/wp\/v2\/pages"}],"about":[{"href":"https:\/\/quicksilvertranslate.com\/es\/wp-json\/wp\/v2\/types\/page"}],"author":[{"embeddable":true,"href":"https:\/\/quicksilvertranslate.com\/es\/wp-json\/wp\/v2\/users\/1"}],"replies":[{"embeddable":true,"href":"https:\/\/quicksilvertranslate.com\/es\/wp-json\/wp\/v2\/comments?post=8532"}],"version-history":[{"count":0,"href":"https:\/\/quicksilvertranslate.com\/es\/wp-json\/wp\/v2\/pages\/8532\/revisions"}],"up":[{"embeddable":true,"href":"https:\/\/quicksilvertranslate.com\/es\/wp-json\/wp\/v2\/pages\/5985"}],"wp:attachment":[{"href":"https:\/\/quicksilvertranslate.com\/es\/wp-json\/wp\/v2\/media?parent=8532"}],"curies":[{"name":"wp","href":"https:\/\/api.w.org\/{rel}","templated":true}]}}