{"id":8668,"date":"2010-12-16T10:10:13","date_gmt":"2010-12-16T09:10:13","guid":{"rendered":"https:\/\/quicksilvertranslate.com\/nuestras-herramientas"},"modified":"2010-12-16T10:10:13","modified_gmt":"2010-12-16T09:10:13","slug":"nuestras-herramientas","status":"publish","type":"page","link":"https:\/\/quicksilvertranslate.com\/es\/quienes-somos\/metodologia\/nuestras-herramientas\/","title":{"rendered":"Nuestras herramientas"},"content":{"rendered":"<p style=\"text-align: justify;\">QuickSilver utiliza herramientas de software de \u00faltima generaci\u00f3n de <a href=\"https:\/\/quicksilvertranslate.com\/es\/metodologia\/nuestras-herramientas\/memoria-de-traduccion-tm\">Traducci\u00f3n Asistida por Ordenador<\/a> (TAO) y de <a href=\"https:\/\/quicksilvertranslate.com\/es\/servicios\/maquetacion\">maquetaci\u00f3n<\/a> (DTP). Nuestro conocimiento y nuestros equipos ayudan a acelerar considerablemente el proceso de traducci\u00f3n, ahorr\u00e1ndote tiempo, dinero y estr\u00e9s.<\/p>\n","protected":false},"excerpt":{"rendered":"<p>QuickSilver utiliza herramientas de software de \u00faltima generaci\u00f3n de Traducci\u00f3n Asistida por Ordenador (TAO) y de maquetaci\u00f3n (DTP). Nuestro conocimiento y nuestros equipos ayudan a acelerar considerablemente el proceso de traducci\u00f3n, ahorr\u00e1ndote tiempo, dinero y estr\u00e9s.<\/p>\n","protected":false},"author":1,"featured_media":8669,"parent":5985,"menu_order":0,"comment_status":"closed","ping_status":"open","template":"","meta":{"footnotes":""},"class_list":["post-8668","page","type-page","status-publish","has-post-thumbnail","hentry","has-post-title","has-post-date","has-post-category","has-post-tag","has-post-comment","has-post-author",""],"jetpack_sharing_enabled":true,"builder_content":"","_links":{"self":[{"href":"https:\/\/quicksilvertranslate.com\/es\/wp-json\/wp\/v2\/pages\/8668","targetHints":{"allow":["GET"]}}],"collection":[{"href":"https:\/\/quicksilvertranslate.com\/es\/wp-json\/wp\/v2\/pages"}],"about":[{"href":"https:\/\/quicksilvertranslate.com\/es\/wp-json\/wp\/v2\/types\/page"}],"author":[{"embeddable":true,"href":"https:\/\/quicksilvertranslate.com\/es\/wp-json\/wp\/v2\/users\/1"}],"replies":[{"embeddable":true,"href":"https:\/\/quicksilvertranslate.com\/es\/wp-json\/wp\/v2\/comments?post=8668"}],"version-history":[{"count":0,"href":"https:\/\/quicksilvertranslate.com\/es\/wp-json\/wp\/v2\/pages\/8668\/revisions"}],"up":[{"embeddable":true,"href":"https:\/\/quicksilvertranslate.com\/es\/wp-json\/wp\/v2\/pages\/5985"}],"wp:featuredmedia":[{"embeddable":true,"href":"https:\/\/quicksilvertranslate.com\/es\/wp-json\/wp\/v2\/media\/8669"}],"wp:attachment":[{"href":"https:\/\/quicksilvertranslate.com\/es\/wp-json\/wp\/v2\/media?parent=8668"}],"curies":[{"name":"wp","href":"https:\/\/api.w.org\/{rel}","templated":true}]}}