{"id":8684,"date":"2010-12-16T10:10:59","date_gmt":"2010-12-16T09:10:59","guid":{"rendered":"https:\/\/quicksilvertranslate.com\/rapidez"},"modified":"2020-10-10T14:38:38","modified_gmt":"2020-10-10T12:38:38","slug":"rapidez","status":"publish","type":"page","link":"https:\/\/quicksilvertranslate.com\/es\/quienes-somos\/metodologia\/nuestra-filosofia\/rapidez\/","title":{"rendered":"Rapidez"},"content":{"rendered":"<p style=\"text-align: justify;\">La mayor\u00eda de proyectos son \u201curgentes\u201d. A veces es algo que est\u00e1 totalmente justificado, como en el caso de una feria de muestras, presentaci\u00f3n con clientes, lanzamiento de una p\u00e1gina web o firma de un contrato, para los que generalmente se dispone de muy poco margen de tiempo. Sin embargo, hay otros plazos de entrega que no est\u00e1n tan justificados, a menudo porque un jefe poco realista los ha fijado de manera aleatoria o porque alguien lo ha dejado todo para el \u00faltimo minuto. En cualquier caso, la urgencia es una mala compa\u00f1era de viaje para cualquier tipo de proyecto, y mucho peor para la traducci\u00f3n y documentaci\u00f3n.<strong> Darse prisa por terminar algo aumenta la probabilidad de que haya estr\u00e9s, errores y, lo que es m\u00e1s importante, resultados no tan satisfactorios.<\/strong><\/p>\n<p style=\"text-align: justify;\">En general, en el proceso de documentaci\u00f3n cuanto antes se piense en la posible traducci\u00f3n, mejor. La gente normalmente se acuerda de la traducci\u00f3n s\u00f3lo cuando el texto de origen est\u00e1 terminado y es definitivo. En estos casos, probablemente hayamos desperdiciado la posibilidad de ahorrar un dinero y tiempo considerables. Y es el caso, principalmente, de los proyectos que requieren de una maquetaci\u00f3n que no es est\u00e1ndar, pr\u00e1cticamente cualquier cosa que no sean las aplicaciones de Office, como son HTML y otros formatos web, QuarkXpress, Adobe InDesign, Adobe FrameMaker, etc.<\/p>\n<p style=\"text-align: justify;\"><strong>QuickSilver va m\u00e1s all\u00e1 y da un paso m\u00e1s hacia sus futuras necesidades. <\/strong>Por ejemplo, si sabemos que su empresa actualiza su cat\u00e1logo cada tres meses, podemos crear un proceso espec\u00edfico para el proyecto que autom\u00e1ticamente nos indique los segmentos que se tienen que traducir en cada momento, en lugar de tener que retraducir todo el documento de arriba a abajo. Este proceso no s\u00f3lo ahorra tiempo y dinero, sino que tambi\u00e9n crea coherencia en t\u00e9rminos globales y elimina la posibilidad de que se cometan errores.<\/p>\n","protected":false},"excerpt":{"rendered":"<p>La mayor\u00eda de proyectos son \u201curgentes\u201d. A veces es algo que est\u00e1 totalmente justificado, como en el caso de una feria de muestras, presentaci\u00f3n con clientes, lanzamiento de una p\u00e1gina web o firma de un contrato, para los que generalmente se dispone de muy poco margen de tiempo. Sin embargo, hay otros plazos de entrega [&hellip;]<\/p>\n","protected":false},"author":1,"featured_media":5765,"parent":8556,"menu_order":0,"comment_status":"closed","ping_status":"open","template":"","meta":{"footnotes":""},"class_list":["post-8684","page","type-page","status-publish","has-post-thumbnail","hentry","has-post-title","has-post-date","has-post-category","has-post-tag","has-post-comment","has-post-author",""],"jetpack_sharing_enabled":true,"builder_content":"","_links":{"self":[{"href":"https:\/\/quicksilvertranslate.com\/es\/wp-json\/wp\/v2\/pages\/8684","targetHints":{"allow":["GET"]}}],"collection":[{"href":"https:\/\/quicksilvertranslate.com\/es\/wp-json\/wp\/v2\/pages"}],"about":[{"href":"https:\/\/quicksilvertranslate.com\/es\/wp-json\/wp\/v2\/types\/page"}],"author":[{"embeddable":true,"href":"https:\/\/quicksilvertranslate.com\/es\/wp-json\/wp\/v2\/users\/1"}],"replies":[{"embeddable":true,"href":"https:\/\/quicksilvertranslate.com\/es\/wp-json\/wp\/v2\/comments?post=8684"}],"version-history":[{"count":0,"href":"https:\/\/quicksilvertranslate.com\/es\/wp-json\/wp\/v2\/pages\/8684\/revisions"}],"up":[{"embeddable":true,"href":"https:\/\/quicksilvertranslate.com\/es\/wp-json\/wp\/v2\/pages\/8556"}],"wp:featuredmedia":[{"embeddable":true,"href":"https:\/\/quicksilvertranslate.com\/es\/wp-json\/wp\/v2\/media\/5765"}],"wp:attachment":[{"href":"https:\/\/quicksilvertranslate.com\/es\/wp-json\/wp\/v2\/media?parent=8684"}],"curies":[{"name":"wp","href":"https:\/\/api.w.org\/{rel}","templated":true}]}}