{"id":8692,"date":"2010-12-16T10:13:28","date_gmt":"2010-12-16T09:13:28","guid":{"rendered":"https:\/\/quicksilvertranslate.com\/calidad"},"modified":"2020-10-10T14:38:38","modified_gmt":"2020-10-10T12:38:38","slug":"calidad","status":"publish","type":"page","link":"https:\/\/quicksilvertranslate.com\/es\/quienes-somos\/metodologia\/nuestra-filosofia\/calidad\/","title":{"rendered":"Calidad"},"content":{"rendered":"<p style=\"text-align: justify;\"><img data-recalc-dims=\"1\" loading=\"lazy\" decoding=\"async\" class=\"size-full wp-image-4618 alignright\" src=\"https:\/\/i0.wp.com\/quicksilvertranslate.com\/wp-content\/uploads\/quality-graphic-small.jpg?resize=500%2C342&#038;ssl=1\" alt=\"quality-graphic-small\" width=\"500\" height=\"342\" srcset=\"https:\/\/i0.wp.com\/quicksilvertranslate.com\/wp-content\/uploads\/quality-graphic-small.jpg?w=500&amp;ssl=1 500w, https:\/\/i0.wp.com\/quicksilvertranslate.com\/wp-content\/uploads\/quality-graphic-small.jpg?resize=350%2C239&amp;ssl=1 350w\" sizes=\"auto, (max-width: 500px) 100vw, 500px\" \/>Son dos los enfoques que se utilizan en el mercado de la traducci\u00f3n: el enfoque como <strong>\u201cproducto\u201d<\/strong> y el enfoque como <strong>\u201cservicio\u201d<\/strong>.<\/p>\n<p style=\"text-align: justify;\">Los que tienden a pensar en la traducci\u00f3n como un producto a menudo creen que todas las traducciones son iguales y que lo \u00fanico que las diferencia es el precio. Como ocurre con las materias primas o productos de bajo valor a\u00f1adido que se pueden sustituir con facilidad, a menudo sucede que si ofreces un precio m\u00e1s barato que el siguiente proveedor, lo m\u00e1s probable es que cierres esa venta.<\/p>\n<p style=\"text-align: justify;\">Por otra parte, los que ven la traducci\u00f3n como un servicio suelen tener en mente factores que no s\u00f3lo se limitan al precio. Tambi\u00e9n tienen en cuenta la <strong>calidad<\/strong>, <strong>rapidez<\/strong> y <strong>flexibilidad<\/strong>, y en general esperan algo m\u00e1s que simplemente un precio bajo.<\/p>\n<p style=\"text-align: justify;\"><strong>En QuickSilver Translate creemos que \u201cservicio\u201d, en el marco del sector de la traducci\u00f3n, significa:<\/strong><\/p>\n<ul>\n<li style=\"text-align: justify;\"><strong>Cumplir los plazos;<\/strong> no hay nada m\u00e1s molesto que no recibir un documento, por peque\u00f1o que sea, a tiempo para una reuni\u00f3n, una presentaci\u00f3n o cumplir otro plazo de entrega.<\/li>\n<li style=\"text-align: justify;\"><strong>Contar con un experto ling\u00fc\u00edstico a su disposici\u00f3n para su r\u00e1pida consulta;<\/strong> que se le pueda llamar\/escribir un correo a su proveedor para garantizar que un t\u00e9rmino concreto no est\u00e1 mal redactado es posiblemente la parte que m\u00e1s confianza inspira del valor a\u00f1adido en el mundo de la traducci\u00f3n.<\/li>\n<li style=\"text-align: justify;\"><strong>Reaccionar de forma r\u00e1pida a las necesidades ling\u00fc\u00edsticas;<\/strong> los negocios de hoy son a menudo una cuesti\u00f3n de rapidez: \u201cNo lo quiero para la semana que viene, \u00a1lo necesito para ayer!\u201d<\/li>\n<li style=\"text-align: justify;\"><strong>Ser capaces de recibir servicios relacionados;<\/strong> \u00bflo puedo tener en PowerPoint? \u00bfy en QuarkXpress? Una buena traducci\u00f3n expresa el sentido del documento original de forma precisa y fluida en la lengua de destino. Recuerde que a menudo no hay \u201cequivalencias exactas\u201d de conceptos entre uno y otro idioma.<\/li>\n<\/ul>\n<p style=\"text-align: justify;\">A pesar de lo que mucha gente piensa, la traducci\u00f3n literal, palabra por palabra, no garantiza que sea precisa. M\u00e1s que meter los conceptos originales en tropel en la lengua de destino, <strong>las traducciones de calidad adaptan el mensaje central para el p\u00fablico objetivo.<\/strong>Una traducci\u00f3n libre no tiene por qu\u00e9 ser necesariamente menos precisa que una traducci\u00f3n literal.<\/p>\n<p style=\"text-align: justify;\">Tambi\u00e9n es poco recomendable asumir que un traductor con \u201ccertificaci\u00f3n\u201d vaya a ser mejor que uno que no lo sea. Por lo general, es mucho m\u00e1s seguro valorar la competencia del traductor con su trabajo real, m\u00e1s que por tener un t\u00edtulo m\u00e1s o menos cierto o que aprobara un examen hace ya alg\u00fan tiempo.<\/p>\n<p style=\"text-align: justify;\">Los jueces \u00faltimos de la calidad son sus lectores, quienes deber\u00edan poder leer el texto traducido con el mismo esfuerzo que aquellos que leyeran el original. Conseguir este resultado es el punto de referencia final de una traducci\u00f3n bien hecha.<\/p>\n","protected":false},"excerpt":{"rendered":"<p>Son dos los enfoques que se utilizan en el mercado de la traducci\u00f3n: el enfoque como \u201cproducto\u201d y el enfoque como \u201cservicio\u201d. Los que tienden a pensar en la traducci\u00f3n como un producto a menudo creen que todas las traducciones son iguales y que lo \u00fanico que las diferencia es el precio. Como ocurre con [&hellip;]<\/p>\n","protected":false},"author":1,"featured_media":0,"parent":8556,"menu_order":0,"comment_status":"closed","ping_status":"open","template":"","meta":{"footnotes":""},"class_list":["post-8692","page","type-page","status-publish","hentry","has-post-title","has-post-date","has-post-category","has-post-tag","has-post-comment","has-post-author",""],"jetpack_sharing_enabled":true,"builder_content":"","_links":{"self":[{"href":"https:\/\/quicksilvertranslate.com\/es\/wp-json\/wp\/v2\/pages\/8692","targetHints":{"allow":["GET"]}}],"collection":[{"href":"https:\/\/quicksilvertranslate.com\/es\/wp-json\/wp\/v2\/pages"}],"about":[{"href":"https:\/\/quicksilvertranslate.com\/es\/wp-json\/wp\/v2\/types\/page"}],"author":[{"embeddable":true,"href":"https:\/\/quicksilvertranslate.com\/es\/wp-json\/wp\/v2\/users\/1"}],"replies":[{"embeddable":true,"href":"https:\/\/quicksilvertranslate.com\/es\/wp-json\/wp\/v2\/comments?post=8692"}],"version-history":[{"count":0,"href":"https:\/\/quicksilvertranslate.com\/es\/wp-json\/wp\/v2\/pages\/8692\/revisions"}],"up":[{"embeddable":true,"href":"https:\/\/quicksilvertranslate.com\/es\/wp-json\/wp\/v2\/pages\/8556"}],"wp:attachment":[{"href":"https:\/\/quicksilvertranslate.com\/es\/wp-json\/wp\/v2\/media?parent=8692"}],"curies":[{"name":"wp","href":"https:\/\/api.w.org\/{rel}","templated":true}]}}