{"id":8753,"date":"2010-12-16T10:21:18","date_gmt":"2010-12-16T09:21:18","guid":{"rendered":"https:\/\/quicksilvertranslate.com\/precision"},"modified":"2020-10-10T14:38:46","modified_gmt":"2020-10-10T12:38:46","slug":"precision","status":"publish","type":"page","link":"https:\/\/quicksilvertranslate.com\/es\/quienes-somos\/metodologia\/nuestra-filosofia\/calidad\/precision\/","title":{"rendered":"Precisi\u00f3n"},"content":{"rendered":"<p><p style=\"text-align: justify;\">Gracias a nuestros avanzados programas de traducci\u00f3n y nuestro estricto proceso de revisi\u00f3n, QuickSilver puede garantizarle precisi\u00f3n y coherencia en todas las traducciones que hagamos para ti.<\/p><\/p>\n","protected":false},"excerpt":{"rendered":"<p>Gracias a nuestros avanzados programas de traducci\u00f3n y nuestro estricto proceso de revisi\u00f3n, QuickSilver puede garantizarle precisi\u00f3n y coherencia en todas las traducciones que hagamos para ti.<\/p>\n","protected":false},"author":1,"featured_media":0,"parent":8692,"menu_order":0,"comment_status":"closed","ping_status":"closed","template":"","meta":{"footnotes":""},"class_list":["post-8753","page","type-page","status-publish","hentry","has-post-title","has-post-date","has-post-category","has-post-tag","has-post-comment","has-post-author",""],"jetpack_sharing_enabled":true,"builder_content":"","_links":{"self":[{"href":"https:\/\/quicksilvertranslate.com\/es\/wp-json\/wp\/v2\/pages\/8753","targetHints":{"allow":["GET"]}}],"collection":[{"href":"https:\/\/quicksilvertranslate.com\/es\/wp-json\/wp\/v2\/pages"}],"about":[{"href":"https:\/\/quicksilvertranslate.com\/es\/wp-json\/wp\/v2\/types\/page"}],"author":[{"embeddable":true,"href":"https:\/\/quicksilvertranslate.com\/es\/wp-json\/wp\/v2\/users\/1"}],"replies":[{"embeddable":true,"href":"https:\/\/quicksilvertranslate.com\/es\/wp-json\/wp\/v2\/comments?post=8753"}],"version-history":[{"count":0,"href":"https:\/\/quicksilvertranslate.com\/es\/wp-json\/wp\/v2\/pages\/8753\/revisions"}],"up":[{"embeddable":true,"href":"https:\/\/quicksilvertranslate.com\/es\/wp-json\/wp\/v2\/pages\/8692"}],"wp:attachment":[{"href":"https:\/\/quicksilvertranslate.com\/es\/wp-json\/wp\/v2\/media?parent=8753"}],"curies":[{"name":"wp","href":"https:\/\/api.w.org\/{rel}","templated":true}]}}