{"id":8761,"date":"2010-12-16T10:21:58","date_gmt":"2010-12-16T09:21:58","guid":{"rendered":"https:\/\/quicksilvertranslate.com\/el-proceso-de-revision"},"modified":"2020-10-10T14:38:47","modified_gmt":"2020-10-10T12:38:47","slug":"el-proceso-de-revision","status":"publish","type":"page","link":"https:\/\/quicksilvertranslate.com\/es\/quienes-somos\/metodologia\/nuestra-filosofia\/el-proceso-de-revision\/","title":{"rendered":"El proceso de revisi\u00f3n"},"content":{"rendered":"<p style=\"text-align: justify;\">No importa lo buena que sea una traducci\u00f3n, las etapas de revisi\u00f3n son fundamentales para garantizar un resultado excelente. QuickSilver Translate no escatima esfuerzos en este proceso:<\/p>\n<p style=\"text-align: justify;\">\u2022 Todos nuestros traductores se encuentran en la regi\u00f3n donde se habla la lengua de destino. Los idiomas se encuentran en un estado de flujo constante y los traductores que viven en el mercado de destino ofrecen a menudo resultados mucho mejores.<\/p>\n<p style=\"text-align: justify;\">\u2022 Nuestros editores son profesionales de la lengua con una excelente formaci\u00f3n, que conocen las variantes regionales, los matices culturales y la terminolog\u00eda est\u00e1ndar del sector.<\/p>\n<p style=\"text-align: justify;\">\u2022 Aplicamos un sistema de control y seguimiento con el que validar el trabajo de nuestros traductores.<\/p>\n<p style=\"text-align: justify;\">\u2022 QuickSilver mantiene y aplica estrictos est\u00e1ndares de calidad con el fin de evitar y no trabajar con los traductores que no se ajustan a estos criterios. Nuestra certificaci\u00f3n <a href=\"certificacion-iso-90012000\">ISO9001<\/a> es una garant\u00eda del control de calidad y cumplimiento de los procesos internos.<\/p>\n","protected":false},"excerpt":{"rendered":"<p>No importa lo buena que sea una traducci\u00f3n, las etapas de revisi\u00f3n son fundamentales para garantizar un resultado excelente. QuickSilver Translate no escatima esfuerzos en este proceso: \u2022 Todos nuestros traductores se encuentran en la regi\u00f3n donde se habla la lengua de destino. Los idiomas se encuentran en un estado de flujo constante y los [&hellip;]<\/p>\n","protected":false},"author":1,"featured_media":0,"parent":8556,"menu_order":0,"comment_status":"closed","ping_status":"open","template":"","meta":{"footnotes":""},"class_list":["post-8761","page","type-page","status-publish","hentry","has-post-title","has-post-date","has-post-category","has-post-tag","has-post-comment","has-post-author",""],"jetpack_sharing_enabled":true,"builder_content":"","_links":{"self":[{"href":"https:\/\/quicksilvertranslate.com\/es\/wp-json\/wp\/v2\/pages\/8761","targetHints":{"allow":["GET"]}}],"collection":[{"href":"https:\/\/quicksilvertranslate.com\/es\/wp-json\/wp\/v2\/pages"}],"about":[{"href":"https:\/\/quicksilvertranslate.com\/es\/wp-json\/wp\/v2\/types\/page"}],"author":[{"embeddable":true,"href":"https:\/\/quicksilvertranslate.com\/es\/wp-json\/wp\/v2\/users\/1"}],"replies":[{"embeddable":true,"href":"https:\/\/quicksilvertranslate.com\/es\/wp-json\/wp\/v2\/comments?post=8761"}],"version-history":[{"count":0,"href":"https:\/\/quicksilvertranslate.com\/es\/wp-json\/wp\/v2\/pages\/8761\/revisions"}],"up":[{"embeddable":true,"href":"https:\/\/quicksilvertranslate.com\/es\/wp-json\/wp\/v2\/pages\/8556"}],"wp:attachment":[{"href":"https:\/\/quicksilvertranslate.com\/es\/wp-json\/wp\/v2\/media?parent=8761"}],"curies":[{"name":"wp","href":"https:\/\/api.w.org\/{rel}","templated":true}]}}