{"id":8907,"date":"2010-12-16T10:34:20","date_gmt":"2010-12-16T09:34:20","guid":{"rendered":"https:\/\/quicksilvertranslate.com\/nuevas-versiones-actualizaciones-y-mantenimiento"},"modified":"2020-10-10T14:39:11","modified_gmt":"2020-10-10T12:39:11","slug":"nuevas-versiones-actualizaciones-y-mantenimiento","status":"publish","type":"page","link":"https:\/\/quicksilvertranslate.com\/es\/quienes-somos\/metodologia\/nuestros-procesos\/nuevas-versiones-actualizaciones-y-mantenimiento\/","title":{"rendered":"Nuevas versiones, actualizaciones y mantenimiento"},"content":{"rendered":"<p><a href=\"https:\/\/quicksilvertranslate.com\/espanol-metodologia\/our-processes\/new-versions-updates-maintenance\/novesversionses\" rel=\"attachment wp-att-2461\"><img data-recalc-dims=\"1\" loading=\"lazy\" decoding=\"async\" class=\"aligncenter size-large wp-image-2461\" title=\"NovesversionsES\" src=\"https:\/\/i0.wp.com\/x8p.6a8.myftpupload.com\/wp-content\/uploads\/NovesversionsES-960x467.jpg?resize=960%2C467\" alt=\"\" width=\"960\" height=\"467\" srcset=\"https:\/\/i0.wp.com\/quicksilvertranslate.com\/wp-content\/uploads\/NovesversionsES.jpg?resize=960%2C467&amp;ssl=1 960w, https:\/\/i0.wp.com\/quicksilvertranslate.com\/wp-content\/uploads\/NovesversionsES.jpg?resize=300%2C146&amp;ssl=1 300w, https:\/\/i0.wp.com\/quicksilvertranslate.com\/wp-content\/uploads\/NovesversionsES.jpg?w=1407&amp;ssl=1 1407w\" sizes=\"auto, (max-width: 960px) 100vw, 960px\" \/><\/a><\/p>\n<p style=\"text-align: justify;\">QuickSilver utiliza los \u00faltimos avances en <a href=\"https:\/\/quicksilvertranslate.com\/es\/metodologia\/nuestras-herramientas\/memoria-de-traduccion-tm\">software de traducci\u00f3n<\/a> para hacer m\u00e1s eficaz el proceso de traducci\u00f3n y garantizar la coherencia de todas las traducciones que hacemos para usted. Cada vez que traducimos un documento para un cliente, creamos una Memoria de Traducci\u00f3n (MT) asociada exclusivamente a dicho cliente y que, texto tras texto, va creciendo, mejorando y, en definitiva, se va haciendo m\u00e1s eficaz.<\/p>\n<p style=\"text-align: justify;\">Sabemos que crear una versi\u00f3n \u201cnueva\u201d de un cat\u00e1logo, por ejemplo, implica a menudo revisar minuciosamente la nueva versi\u00f3n del documento. Gracias a la MT podemos ahorrarle tiempo y dinero y trabajar s\u00f3lo en aquellas partes que realmente se han modificado en la nueva versi\u00f3n del documento, en lugar de traducir todo el documento de principio a fin.<\/p>\n<p style=\"text-align: justify;\">La MT nos sirve adem\u00e1s para hacer que todo el proceso de traducci\u00f3n sea m\u00e1s eficaz. <strong>Esto significa que, en lugar de tener que esperar a que su gestor del proyecto haga la revisi\u00f3n final del documento, podr\u00e1 enviarnos la primera versi\u00f3n en cuanto la tenga lista.<\/strong> Mientras, nosotros podremos empezar a trabajar con la primera versi\u00f3n y, cuando est\u00e9 terminada la versi\u00f3n final, s\u00f3lo ser\u00e1 cuesti\u00f3n de pasar la MT al documento y ajustar los peque\u00f1os cambios que el gestor del proyecto haya hecho.<\/p>\n<p style=\"text-align: justify;\">De esta forma, todo es mucho m\u00e1s f\u00e1cil, barato y menos estresante para cumplir los plazos.<\/p>\n","protected":false},"excerpt":{"rendered":"<p>QuickSilver utiliza los \u00faltimos avances en software de traducci\u00f3n para hacer m\u00e1s eficaz el proceso de traducci\u00f3n y garantizar la coherencia de todas las traducciones que hacemos para usted. Cada vez que traducimos un documento para un cliente, creamos una Memoria de Traducci\u00f3n (MT) asociada exclusivamente a dicho cliente y que, texto tras texto, va [&hellip;]<\/p>\n","protected":false},"author":1,"featured_media":8919,"parent":8444,"menu_order":0,"comment_status":"closed","ping_status":"open","template":"","meta":{"footnotes":""},"class_list":["post-8907","page","type-page","status-publish","has-post-thumbnail","hentry","has-post-title","has-post-date","has-post-category","has-post-tag","has-post-comment","has-post-author",""],"jetpack_sharing_enabled":true,"builder_content":"","_links":{"self":[{"href":"https:\/\/quicksilvertranslate.com\/es\/wp-json\/wp\/v2\/pages\/8907","targetHints":{"allow":["GET"]}}],"collection":[{"href":"https:\/\/quicksilvertranslate.com\/es\/wp-json\/wp\/v2\/pages"}],"about":[{"href":"https:\/\/quicksilvertranslate.com\/es\/wp-json\/wp\/v2\/types\/page"}],"author":[{"embeddable":true,"href":"https:\/\/quicksilvertranslate.com\/es\/wp-json\/wp\/v2\/users\/1"}],"replies":[{"embeddable":true,"href":"https:\/\/quicksilvertranslate.com\/es\/wp-json\/wp\/v2\/comments?post=8907"}],"version-history":[{"count":0,"href":"https:\/\/quicksilvertranslate.com\/es\/wp-json\/wp\/v2\/pages\/8907\/revisions"}],"up":[{"embeddable":true,"href":"https:\/\/quicksilvertranslate.com\/es\/wp-json\/wp\/v2\/pages\/8444"}],"wp:featuredmedia":[{"embeddable":true,"href":"https:\/\/quicksilvertranslate.com\/es\/wp-json\/wp\/v2\/media\/8919"}],"wp:attachment":[{"href":"https:\/\/quicksilvertranslate.com\/es\/wp-json\/wp\/v2\/media?parent=8907"}],"curies":[{"name":"wp","href":"https:\/\/api.w.org\/{rel}","templated":true}]}}