{"id":9035,"date":"2010-12-16T10:35:18","date_gmt":"2010-12-16T09:35:18","guid":{"rendered":"https:\/\/quicksilvertranslate.com\/fases-de-traduccion"},"modified":"2020-10-10T14:39:11","modified_gmt":"2020-10-10T12:39:11","slug":"fases-de-traduccion","status":"publish","type":"page","link":"https:\/\/quicksilvertranslate.com\/es\/quienes-somos\/metodologia\/nuestros-procesos\/fases-de-traduccion\/","title":{"rendered":"Fases de traducci\u00f3n"},"content":{"rendered":"<p><a href=\"https:\/\/quicksilvertranslate.com\/espanol-metodologia\/our-processes\/phases-in-translation\/faseses\" rel=\"attachment wp-att-2464\"><img data-recalc-dims=\"1\" loading=\"lazy\" decoding=\"async\" class=\"aligncenter size-large wp-image-2464\" title=\"fasesEs\" src=\"https:\/\/i0.wp.com\/x8p.6a8.myftpupload.com\/wp-content\/uploads\/fasesEs-960x495.jpg?resize=960%2C495\" alt=\"\" width=\"960\" height=\"495\" srcset=\"https:\/\/i0.wp.com\/quicksilvertranslate.com\/wp-content\/uploads\/fasesEs.jpg?resize=960%2C495&amp;ssl=1 960w, https:\/\/i0.wp.com\/quicksilvertranslate.com\/wp-content\/uploads\/fasesEs.jpg?resize=300%2C154&amp;ssl=1 300w, https:\/\/i0.wp.com\/quicksilvertranslate.com\/wp-content\/uploads\/fasesEs.jpg?w=1388&amp;ssl=1 1388w\" sizes=\"auto, (max-width: 960px) 100vw, 960px\" \/><\/a><\/p>\n<p style=\"text-align: justify;\">El enfoque integrado que desarrollamos en QuickSilver elimina los obst\u00e1culos y preocupaciones que han caracterizado hasta el momento el proceso de traducci\u00f3n.<\/p>\n<p style=\"text-align: justify;\">Desde decidir qu\u00e9 idioma utilizar en su documento de partida hasta llegar a la versi\u00f3n traducida final <a href=\"https:\/\/quicksilvertranslate.com\/es\/servicios\/consultoria-linguistica\/documentacion-lista-para-imprimir\">lista para su impresi\u00f3n,<\/a> podr\u00e1 estar seguro de que QuickSilver le ofrece las soluciones de mayor calidad y m\u00e1s rentables.<\/p>\n","protected":false},"excerpt":{"rendered":"<p>El enfoque integrado que desarrollamos en QuickSilver elimina los obst\u00e1culos y preocupaciones que han caracterizado hasta el momento el proceso de traducci\u00f3n. Desde decidir qu\u00e9 idioma utilizar en su documento de partida hasta llegar a la versi\u00f3n traducida final lista para su impresi\u00f3n, podr\u00e1 estar seguro de que QuickSilver le ofrece las soluciones de mayor [&hellip;]<\/p>\n","protected":false},"author":1,"featured_media":9043,"parent":8444,"menu_order":0,"comment_status":"closed","ping_status":"open","template":"","meta":{"footnotes":""},"class_list":["post-9035","page","type-page","status-publish","has-post-thumbnail","hentry","has-post-title","has-post-date","has-post-category","has-post-tag","has-post-comment","has-post-author",""],"jetpack_sharing_enabled":true,"builder_content":"","_links":{"self":[{"href":"https:\/\/quicksilvertranslate.com\/es\/wp-json\/wp\/v2\/pages\/9035","targetHints":{"allow":["GET"]}}],"collection":[{"href":"https:\/\/quicksilvertranslate.com\/es\/wp-json\/wp\/v2\/pages"}],"about":[{"href":"https:\/\/quicksilvertranslate.com\/es\/wp-json\/wp\/v2\/types\/page"}],"author":[{"embeddable":true,"href":"https:\/\/quicksilvertranslate.com\/es\/wp-json\/wp\/v2\/users\/1"}],"replies":[{"embeddable":true,"href":"https:\/\/quicksilvertranslate.com\/es\/wp-json\/wp\/v2\/comments?post=9035"}],"version-history":[{"count":0,"href":"https:\/\/quicksilvertranslate.com\/es\/wp-json\/wp\/v2\/pages\/9035\/revisions"}],"up":[{"embeddable":true,"href":"https:\/\/quicksilvertranslate.com\/es\/wp-json\/wp\/v2\/pages\/8444"}],"wp:featuredmedia":[{"embeddable":true,"href":"https:\/\/quicksilvertranslate.com\/es\/wp-json\/wp\/v2\/media\/9043"}],"wp:attachment":[{"href":"https:\/\/quicksilvertranslate.com\/es\/wp-json\/wp\/v2\/media?parent=9035"}],"curies":[{"name":"wp","href":"https:\/\/api.w.org\/{rel}","templated":true}]}}