{"id":9115,"date":"2010-12-16T10:36:21","date_gmt":"2010-12-16T09:36:21","guid":{"rendered":"https:\/\/quicksilvertranslate.com\/revision-correccion-de-texto"},"modified":"2010-12-16T10:36:21","modified_gmt":"2010-12-16T09:36:21","slug":"revision-correccion-de-texto","status":"publish","type":"page","link":"https:\/\/quicksilvertranslate.com\/es\/quienes-somos\/metodologia\/nuestros-procesos\/fases-de-traduccion\/revision-correccion-de-texto\/","title":{"rendered":"Revisi\u00f3n\/Correcci\u00f3n de texto"},"content":{"rendered":"<p style=\"text-align: justify;\"><em>Una vez se ha completado la traducci\u00f3n, \u00e9sta ser\u00e1 revisada para que sea lo m\u00e1s precisa y adecuada posible. La primera revisi\u00f3n es una fase crucial en el proceso de traducci\u00f3n, porque los errores humanos que comenten incluso los traductores m\u00e1s experimentados se detectan en esta fase.<\/em><\/p>\n","protected":false},"excerpt":{"rendered":"<p>Una vez se ha completado la traducci\u00f3n, \u00e9sta ser\u00e1 revisada para que sea lo m\u00e1s precisa y adecuada posible. La primera revisi\u00f3n es una fase crucial en el proceso de traducci\u00f3n, porque los errores humanos que comenten incluso los traductores m\u00e1s experimentados se detectan en esta fase.<\/p>\n","protected":false},"author":1,"featured_media":0,"parent":9035,"menu_order":2,"comment_status":"closed","ping_status":"open","template":"","meta":{"footnotes":""},"class_list":["post-9115","page","type-page","status-publish","hentry","has-post-title","has-post-date","has-post-category","has-post-tag","has-post-comment","has-post-author",""],"jetpack_sharing_enabled":true,"builder_content":"","_links":{"self":[{"href":"https:\/\/quicksilvertranslate.com\/es\/wp-json\/wp\/v2\/pages\/9115","targetHints":{"allow":["GET"]}}],"collection":[{"href":"https:\/\/quicksilvertranslate.com\/es\/wp-json\/wp\/v2\/pages"}],"about":[{"href":"https:\/\/quicksilvertranslate.com\/es\/wp-json\/wp\/v2\/types\/page"}],"author":[{"embeddable":true,"href":"https:\/\/quicksilvertranslate.com\/es\/wp-json\/wp\/v2\/users\/1"}],"replies":[{"embeddable":true,"href":"https:\/\/quicksilvertranslate.com\/es\/wp-json\/wp\/v2\/comments?post=9115"}],"version-history":[{"count":0,"href":"https:\/\/quicksilvertranslate.com\/es\/wp-json\/wp\/v2\/pages\/9115\/revisions"}],"up":[{"embeddable":true,"href":"https:\/\/quicksilvertranslate.com\/es\/wp-json\/wp\/v2\/pages\/9035"}],"wp:attachment":[{"href":"https:\/\/quicksilvertranslate.com\/es\/wp-json\/wp\/v2\/media?parent=9115"}],"curies":[{"name":"wp","href":"https:\/\/api.w.org\/{rel}","templated":true}]}}