{"id":9147,"date":"2010-12-16T10:39:37","date_gmt":"2010-12-16T09:39:37","guid":{"rendered":"https:\/\/quicksilvertranslate.com\/combinar-traduccion-y-maquetacion"},"modified":"2020-10-10T14:39:20","modified_gmt":"2020-10-10T12:39:20","slug":"combinar-traduccion-y-maquetacion","status":"publish","type":"page","link":"https:\/\/quicksilvertranslate.com\/es\/quienes-somos\/metodologia\/nuestros-procesos\/combinar-traduccion-y-maquetacion\/","title":{"rendered":"Combinar traducci\u00f3n y maquetaci\u00f3n"},"content":{"rendered":"<p style=\"text-align: justify;\"><strong>Ver traducci\u00f3n y <a href=\"https:\/\/quicksilvertranslate.com\/es\/servicios\/maquetacion\">maquetaci\u00f3n<\/a> como dos caras de la misma moneda es el enfoque m\u00e1s rentable que se puede hacer para garantizar una documentaci\u00f3n multiling\u00fce de gran calidad.<\/strong> Como parte de nuestro enfoque integrado y pionero, QuickSilver se encarga \u00edntegramente del dise\u00f1o de los documentos aplicando para ello las t\u00e9cnicas de maquetaci\u00f3n m\u00e1s avanzadas. Nos hacemos responsables del dise\u00f1o e integramos todo el proceso en un flujo de trabajo que reduce el ciclo de traducci\u00f3n y ofrece al cliente mayor flexibilidad y eficiencia a la hora de confeccionar su documentaci\u00f3n en varios idiomas.<\/p>\n<p style=\"text-align: justify;\">Cuando se recortan costes y se intenta hacer m\u00e1s eficaz el proceso de documentaci\u00f3n, muchas empresas caen en la tentaci\u00f3n de externalizar s\u00f3lo aquellos elementos que son totalmente imprescindibles. Cuando se trata de traducir o dar formato a un documento, este sistema puede llegar a ser contraproducente y se deber\u00edan tener en cuenta los siguientes aspectos:<\/p>\n<p style=\"text-align: justify;\"><em>Copiar y pegar el texto traducido en el dise\u00f1o original (salvo que se disponga de un dominio adecuado del idioma y est\u00e9 familiarizado con las normas tipogr\u00e1ficas espec\u00edficas de la lengua) pueden ocasionar problemas.<\/em><\/p>\n<p style=\"text-align: justify;\"><em>Cuanto mayor sea su proyecto de documentaci\u00f3n presente o futuro, m\u00e1s importante ser\u00e1 tener en cuenta el proceso de documentaci\u00f3n y las posibles dificultades en su conjunto.<\/em><\/p>\n<p style=\"text-align: justify;\"><em>Crear y mantener documentaci\u00f3n multiling\u00fce no es tan sencillo como se cree en general. La traducci\u00f3n en s\u00ed del texto es una parte importante, pero se deber\u00eda considerar como un subprocedimiento independiente del resto del proceso.<\/em><\/p>\n","protected":false},"excerpt":{"rendered":"<p>Ver traducci\u00f3n y maquetaci\u00f3n como dos caras de la misma moneda es el enfoque m\u00e1s rentable que se puede hacer para garantizar una documentaci\u00f3n multiling\u00fce de gran calidad. Como parte de nuestro enfoque integrado y pionero, QuickSilver se encarga \u00edntegramente del dise\u00f1o de los documentos aplicando para ello las t\u00e9cnicas de maquetaci\u00f3n m\u00e1s avanzadas. Nos [&hellip;]<\/p>\n","protected":false},"author":1,"featured_media":9150,"parent":8444,"menu_order":0,"comment_status":"closed","ping_status":"open","template":"","meta":{"footnotes":""},"class_list":["post-9147","page","type-page","status-publish","has-post-thumbnail","hentry","has-post-title","has-post-date","has-post-category","has-post-tag","has-post-comment","has-post-author",""],"jetpack_sharing_enabled":true,"builder_content":"","_links":{"self":[{"href":"https:\/\/quicksilvertranslate.com\/es\/wp-json\/wp\/v2\/pages\/9147","targetHints":{"allow":["GET"]}}],"collection":[{"href":"https:\/\/quicksilvertranslate.com\/es\/wp-json\/wp\/v2\/pages"}],"about":[{"href":"https:\/\/quicksilvertranslate.com\/es\/wp-json\/wp\/v2\/types\/page"}],"author":[{"embeddable":true,"href":"https:\/\/quicksilvertranslate.com\/es\/wp-json\/wp\/v2\/users\/1"}],"replies":[{"embeddable":true,"href":"https:\/\/quicksilvertranslate.com\/es\/wp-json\/wp\/v2\/comments?post=9147"}],"version-history":[{"count":0,"href":"https:\/\/quicksilvertranslate.com\/es\/wp-json\/wp\/v2\/pages\/9147\/revisions"}],"up":[{"embeddable":true,"href":"https:\/\/quicksilvertranslate.com\/es\/wp-json\/wp\/v2\/pages\/8444"}],"wp:featuredmedia":[{"embeddable":true,"href":"https:\/\/quicksilvertranslate.com\/es\/wp-json\/wp\/v2\/media\/9150"}],"wp:attachment":[{"href":"https:\/\/quicksilvertranslate.com\/es\/wp-json\/wp\/v2\/media?parent=9147"}],"curies":[{"name":"wp","href":"https:\/\/api.w.org\/{rel}","templated":true}]}}