{"id":9599,"date":"2010-12-16T11:48:43","date_gmt":"2010-12-16T10:48:43","guid":{"rendered":"https:\/\/quicksilvertranslate.com\/pagos-on-line"},"modified":"2020-10-10T14:39:47","modified_gmt":"2020-10-10T12:39:47","slug":"pagos-on-line","status":"publish","type":"page","link":"https:\/\/quicksilvertranslate.com\/es\/contacto\/pagos-on-line\/","title":{"rendered":"Pagos on-line"},"content":{"rendered":"<p>QuickSilver Translate utiliza los sistemas de pago en l\u00ednea de Redsys y PayPal para garantizar su seguridad. Esta transacci\u00f3n tiene lugar en Espa\u00f1a.<br \/>\n<img data-recalc-dims=\"1\" loading=\"lazy\" decoding=\"async\" class=\"alignleft size-full wp-image-9601\" src=\"https:\/\/i0.wp.com\/x8p.6a8.myftpupload.com\/wp-content\/uploads\/logo-redsys.png?resize=239%2C71\" alt=\"logo-redsys\" width=\"239\" height=\"71\"> <img data-recalc-dims=\"1\" loading=\"lazy\" decoding=\"async\" class=\"alignleft size-full wp-image-9600\" src=\"https:\/\/i0.wp.com\/x8p.6a8.myftpupload.com\/wp-content\/uploads\/paypal-logo.png?resize=237%2C71\" alt=\"paypal-logo\" width=\"237\" height=\"71\"><\/p>\n<p style=\"clear: both;\">\n<p>Por favor, rellene el siguiente formulario. Todos los campos marcados con un asterisco (*) son obligatorios.El formulario te reenviar\u00e1 a la pasarela de pago REDSYS o a PAYPAL. En ambos casos, el sistema detectar\u00e1 la procedencia de la tarjeta de cr\u00e9dito\/d\u00e9bito y te ofrecer\u00e1 la opci\u00f3n de pagar en EUR\/USD\/GBP.include(\u00abincludes\/pagos\/index.php\u00bb);<\/p>\n","protected":false},"excerpt":{"rendered":"<p>QuickSilver Translate utiliza los sistemas de pago en l\u00ednea de Redsys y PayPal para garantizar su seguridad. Esta transacci\u00f3n tiene lugar en Espa\u00f1a. Por favor, rellene el siguiente formulario. Todos los campos marcados con un asterisco (*) son obligatorios.El formulario te reenviar\u00e1 a la pasarela de pago REDSYS o a PAYPAL. En ambos casos, el [&hellip;]<\/p>\n","protected":false},"author":1,"featured_media":21256,"parent":5943,"menu_order":2,"comment_status":"closed","ping_status":"closed","template":"","meta":{"footnotes":""},"class_list":["post-9599","page","type-page","status-publish","has-post-thumbnail","hentry","has-post-title","has-post-date","has-post-category","has-post-tag","has-post-comment","has-post-author",""],"jetpack_sharing_enabled":true,"builder_content":"","_links":{"self":[{"href":"https:\/\/quicksilvertranslate.com\/es\/wp-json\/wp\/v2\/pages\/9599","targetHints":{"allow":["GET"]}}],"collection":[{"href":"https:\/\/quicksilvertranslate.com\/es\/wp-json\/wp\/v2\/pages"}],"about":[{"href":"https:\/\/quicksilvertranslate.com\/es\/wp-json\/wp\/v2\/types\/page"}],"author":[{"embeddable":true,"href":"https:\/\/quicksilvertranslate.com\/es\/wp-json\/wp\/v2\/users\/1"}],"replies":[{"embeddable":true,"href":"https:\/\/quicksilvertranslate.com\/es\/wp-json\/wp\/v2\/comments?post=9599"}],"version-history":[{"count":0,"href":"https:\/\/quicksilvertranslate.com\/es\/wp-json\/wp\/v2\/pages\/9599\/revisions"}],"up":[{"embeddable":true,"href":"https:\/\/quicksilvertranslate.com\/es\/wp-json\/wp\/v2\/pages\/5943"}],"wp:featuredmedia":[{"embeddable":true,"href":"https:\/\/quicksilvertranslate.com\/es\/wp-json\/wp\/v2\/media\/21256"}],"wp:attachment":[{"href":"https:\/\/quicksilvertranslate.com\/es\/wp-json\/wp\/v2\/media?parent=9599"}],"curies":[{"name":"wp","href":"https:\/\/api.w.org\/{rel}","templated":true}]}}